{"id":310,"date":"2025-08-26T22:13:06","date_gmt":"2025-08-26T20:13:06","guid":{"rendered":"https:\/\/e-edukujemy.pl\/?post_type=product&#038;p=310"},"modified":"2025-09-05T00:34:40","modified_gmt":"2025-09-04T22:34:40","slug":"webinar-dla-pracownikow-hr-zarzadzanie-roznorodnoscia-pokoleniowa-pracownikow-na-zamowienie","status":"publish","type":"product","link":"https:\/\/e-edukujemy.pl\/?product=webinar-dla-pracownikow-hr-zarzadzanie-roznorodnoscia-pokoleniowa-pracownikow-na-zamowienie","title":{"rendered":"Webinar dla pracownik\u00f3w HR: Zarz\u0105dzanie r\u00f3\u017cnorodno\u015bci\u0105 pokoleniow\u0105 pracownik\u00f3w (na zam\u00f3wienie)"},"content":{"rendered":"<p><strong>Zarz\u0105dzanie r\u00f3\u017cnorodno\u015bci\u0105 pokoleniow\u0105 pracownik\u00f3w \u2013 webinar na zam\u00f3wienie \u2013 800 z\u0142<\/strong><\/p>\n<p>Jak skutecznie zarz\u0105dza\u0107 zespo\u0142em, w kt\u00f3rym pracuj\u0105 przedstawiciele r\u00f3\u017cnych pokole\u0144? Podczas praktycznego, czterogodzinnego webinaru dowiesz si\u0119, jak wykorzysta\u0107 potencja\u0142 wszystkich pracownik\u00f3w, minimalizowa\u0107 konflikty i trudne sytuacje oraz wprowadza\u0107 skuteczne metody rekrutacji, motywowania, oceny i rozwoju w zr\u00f3\u017cnicowanym wiekowo zespole. Webinar jest dopasowany do potrzeb konkretnej organizacji, tak aby uczestnicy mogli od razu wdro\u017cy\u0107 poznane rozwi\u0105zania w praktyce.<\/p>\n<p>\ud83d\udc49 <strong>Dlaczego warto wzi\u0105\u0107 udzia\u0142?<\/strong><\/p>\n<ul>\n<li>Poznasz korzy\u015bci wynikaj\u0105ce z posiadania zr\u00f3\u017cnicowanego wiekowo zespo\u0142u pracowniczego.<\/li>\n<li>Nauczysz si\u0119 zapobiega\u0107 konfliktom i trudnym sytuacjom mi\u0119dzy pokoleniami.<\/li>\n<li>Dowiesz si\u0119, jak skutecznie rekrutowa\u0107, motywowa\u0107, ocenia\u0107 i rozwija\u0107 pracownik\u00f3w r\u00f3\u017cnych pokole\u0144.<\/li>\n<\/ul>\n<p>\ud83d\udc65 <strong>Dla kogo?<\/strong><br \/>\nWebinar skierowany jest do mened\u017cer\u00f3w HR, specjalist\u00f3w ds. zarz\u0105dzania zespo\u0142em, kierownik\u00f3w i wszystkich os\u00f3b odpowiedzialnych za zarz\u0105dzanie r\u00f3\u017cnorodno\u015bci\u0105 w organizacji.<\/p>\n<p>\ud83d\udcc4 <strong>Dodatkowo:<\/strong><br \/>\nKa\u017cdy uczestnik otrzyma <strong>materia\u0142y szkoleniowe<\/strong> oraz <strong>imienny certyfikat<\/strong> potwierdzaj\u0105cy udzia\u0142 w szkoleniu.<\/p>\n<p>&nbsp;<\/p>\n<p>Webinar na zam\u00f3wienie. Termin do uzgodnienia.<\/p>\n","protected":false},"excerpt":{"rendered":"<p>Zarz\u0105dzanie r\u00f3\u017cnorodno\u015bci\u0105 pokoleniow\u0105 pracownik\u00f3w \u2013 webinar na zam\u00f3wienie \u2013 800 z\u0142 Jak skutecznie zarz\u0105dza\u0107 zespo\u0142em, w kt\u00f3rym pracuj\u0105 przedstawiciele r\u00f3\u017cnych [&hellip;]<\/p>\n","protected":false},"featured_media":666,"comment_status":"open","ping_status":"closed","template":"","meta":{"site-sidebar-layout":"default","site-content-layout":"","ast-site-content-layout":"default","site-content-style":"default","site-sidebar-style":"default","ast-global-header-display":"","ast-banner-title-visibility":"","ast-main-header-display":"","ast-hfb-above-header-display":"","ast-hfb-below-header-display":"","ast-hfb-mobile-header-display":"","site-post-title":"","ast-breadcrumbs-content":"","ast-featured-img":"","footer-sml-layout":"","theme-transparent-header-meta":"default","adv-header-id-meta":"","stick-header-meta":"","header-above-stick-meta":"","header-main-stick-meta":"","header-below-stick-meta":"","astra-migrate-meta-layouts":"set","ast-page-background-enabled":"default","ast-page-background-meta":{"desktop":{"background-color":"var(--ast-global-color-5)","background-image":"","background-repeat":"repeat","background-position":"center center","background-size":"auto","background-attachment":"scroll","background-type":"","background-media":"","overlay-type":"","overlay-color":"","overlay-opacity":"","overlay-gradient":""},"tablet":{"background-color":"","background-image":"","background-repeat":"repeat","background-position":"center center","background-size":"auto","background-attachment":"scroll","background-type":"","background-media":"","overlay-type":"","overlay-color":"","overlay-opacity":"","overlay-gradient":""},"mobile":{"background-color":"","background-image":"","background-repeat":"repeat","background-position":"center center","background-size":"auto","background-attachment":"scroll","background-type":"","background-media":"","overlay-type":"","overlay-color":"","overlay-opacity":"","overlay-gradient":""}},"ast-content-background-meta":{"desktop":{"background-color":"var(--ast-global-color-4)","background-image":"","background-repeat":"repeat","background-position":"center center","background-size":"auto","background-attachment":"scroll","background-type":"","background-media":"","overlay-type":"","overlay-color":"","overlay-opacity":"","overlay-gradient":""},"tablet":{"background-color":"var(--ast-global-color-4)","background-image":"","background-repeat":"repeat","background-position":"center center","background-size":"auto","background-attachment":"scroll","background-type":"","background-media":"","overlay-type":"","overlay-color":"","overlay-opacity":"","overlay-gradient":""},"mobile":{"background-color":"var(--ast-global-color-4)","background-image":"","background-repeat":"repeat","background-position":"center center","background-size":"auto","background-attachment":"scroll","background-type":"","background-media":"","overlay-type":"","overlay-color":"","overlay-opacity":"","overlay-gradient":""}}},"product_brand":[],"product_cat":[33,21],"product_tag":[],"class_list":{"0":"post-310","1":"product","2":"type-product","3":"status-publish","4":"has-post-thumbnail","6":"product_cat-dla-hr","7":"product_cat-szkolenia","8":"desktop-align-center","9":"tablet-align-left","10":"mobile-align-left","12":"first","13":"instock","14":"downloadable","15":"virtual","16":"purchasable","17":"product-type-simple"},"jetpack_sharing_enabled":true,"_links":{"self":[{"href":"https:\/\/e-edukujemy.pl\/index.php?rest_route=\/wp\/v2\/product\/310","targetHints":{"allow":["GET"]}}],"collection":[{"href":"https:\/\/e-edukujemy.pl\/index.php?rest_route=\/wp\/v2\/product"}],"about":[{"href":"https:\/\/e-edukujemy.pl\/index.php?rest_route=\/wp\/v2\/types\/product"}],"replies":[{"embeddable":true,"href":"https:\/\/e-edukujemy.pl\/index.php?rest_route=%2Fwp%2Fv2%2Fcomments&post=310"}],"wp:featuredmedia":[{"embeddable":true,"href":"https:\/\/e-edukujemy.pl\/index.php?rest_route=\/wp\/v2\/media\/666"}],"wp:attachment":[{"href":"https:\/\/e-edukujemy.pl\/index.php?rest_route=%2Fwp%2Fv2%2Fmedia&parent=310"}],"wp:term":[{"taxonomy":"product_brand","embeddable":true,"href":"https:\/\/e-edukujemy.pl\/index.php?rest_route=%2Fwp%2Fv2%2Fproduct_brand&post=310"},{"taxonomy":"product_cat","embeddable":true,"href":"https:\/\/e-edukujemy.pl\/index.php?rest_route=%2Fwp%2Fv2%2Fproduct_cat&post=310"},{"taxonomy":"product_tag","embeddable":true,"href":"https:\/\/e-edukujemy.pl\/index.php?rest_route=%2Fwp%2Fv2%2Fproduct_tag&post=310"}],"curies":[{"name":"wp","href":"https:\/\/api.w.org\/{rel}","templated":true}]}}