{"id":297,"date":"2025-08-26T21:17:49","date_gmt":"2025-08-26T19:17:49","guid":{"rendered":"https:\/\/e-edukujemy.pl\/?post_type=product&#038;p=297"},"modified":"2025-09-06T13:01:12","modified_gmt":"2025-09-06T11:01:12","slug":"karta-pracy-edukacja-ekonomiczna-wlasny-biznes","status":"publish","type":"product","link":"https:\/\/e-edukujemy.pl\/?product=karta-pracy-edukacja-ekonomiczna-wlasny-biznes","title":{"rendered":"Karta pracy &#8211; Edukacja ekonomiczna: W\u0142asny biznes"},"content":{"rendered":"<p>\u0106wiczenia pokazuj\u0105, jak planowa\u0107 i prowadzi\u0107 w\u0142asn\u0105 dzia\u0142alno\u015b\u0107 gospodarcz\u0105.<br \/>\n\ud83d\udc49 <strong>Korzy\u015bci:<\/strong> rozwija przedsi\u0119biorczo\u015b\u0107, kreatywno\u015b\u0107 i umiej\u0119tno\u015bci praktyczne<\/p>\n","protected":false},"excerpt":{"rendered":"<p>\u0106wiczenia pokazuj\u0105, jak planowa\u0107 i prowadzi\u0107 w\u0142asn\u0105 dzia\u0142alno\u015b\u0107 gospodarcz\u0105. \ud83d\udc49 Korzy\u015bci: rozwija przedsi\u0119biorczo\u015b\u0107, kreatywno\u015b\u0107 i umiej\u0119tno\u015bci praktyczne<\/p>\n","protected":false},"featured_media":579,"comment_status":"open","ping_status":"closed","template":"","meta":{"site-sidebar-layout":"default","site-content-layout":"","ast-site-content-layout":"default","site-content-style":"default","site-sidebar-style":"default","ast-global-header-display":"","ast-banner-title-visibility":"","ast-main-header-display":"","ast-hfb-above-header-display":"","ast-hfb-below-header-display":"","ast-hfb-mobile-header-display":"","site-post-title":"","ast-breadcrumbs-content":"","ast-featured-img":"","footer-sml-layout":"","theme-transparent-header-meta":"default","adv-header-id-meta":"","stick-header-meta":"","header-above-stick-meta":"","header-main-stick-meta":"","header-below-stick-meta":"","astra-migrate-meta-layouts":"set","ast-page-background-enabled":"default","ast-page-background-meta":{"desktop":{"background-color":"var(--ast-global-color-5)","background-image":"","background-repeat":"repeat","background-position":"center center","background-size":"auto","background-attachment":"scroll","background-type":"","background-media":"","overlay-type":"","overlay-color":"","overlay-opacity":"","overlay-gradient":""},"tablet":{"background-color":"","background-image":"","background-repeat":"repeat","background-position":"center center","background-size":"auto","background-attachment":"scroll","background-type":"","background-media":"","overlay-type":"","overlay-color":"","overlay-opacity":"","overlay-gradient":""},"mobile":{"background-color":"","background-image":"","background-repeat":"repeat","background-position":"center center","background-size":"auto","background-attachment":"scroll","background-type":"","background-media":"","overlay-type":"","overlay-color":"","overlay-opacity":"","overlay-gradient":""}},"ast-content-background-meta":{"desktop":{"background-color":"var(--ast-global-color-4)","background-image":"","background-repeat":"repeat","background-position":"center center","background-size":"auto","background-attachment":"scroll","background-type":"","background-media":"","overlay-type":"","overlay-color":"","overlay-opacity":"","overlay-gradient":""},"tablet":{"background-color":"var(--ast-global-color-4)","background-image":"","background-repeat":"repeat","background-position":"center center","background-size":"auto","background-attachment":"scroll","background-type":"","background-media":"","overlay-type":"","overlay-color":"","overlay-opacity":"","overlay-gradient":""},"mobile":{"background-color":"var(--ast-global-color-4)","background-image":"","background-repeat":"repeat","background-position":"center center","background-size":"auto","background-attachment":"scroll","background-type":"","background-media":"","overlay-type":"","overlay-color":"","overlay-opacity":"","overlay-gradient":""}}},"product_brand":[],"product_cat":[26,28],"product_tag":[],"class_list":{"0":"post-297","1":"product","2":"type-product","3":"status-publish","4":"has-post-thumbnail","6":"product_cat-doradztwo-zawodowe","7":"product_cat-edukacja-ekonomiczna","8":"desktop-align-center","9":"tablet-align-left","10":"mobile-align-left","12":"first","13":"instock","14":"downloadable","15":"virtual","16":"purchasable","17":"product-type-simple"},"jetpack_sharing_enabled":true,"_links":{"self":[{"href":"https:\/\/e-edukujemy.pl\/index.php?rest_route=\/wp\/v2\/product\/297","targetHints":{"allow":["GET"]}}],"collection":[{"href":"https:\/\/e-edukujemy.pl\/index.php?rest_route=\/wp\/v2\/product"}],"about":[{"href":"https:\/\/e-edukujemy.pl\/index.php?rest_route=\/wp\/v2\/types\/product"}],"replies":[{"embeddable":true,"href":"https:\/\/e-edukujemy.pl\/index.php?rest_route=%2Fwp%2Fv2%2Fcomments&post=297"}],"wp:featuredmedia":[{"embeddable":true,"href":"https:\/\/e-edukujemy.pl\/index.php?rest_route=\/wp\/v2\/media\/579"}],"wp:attachment":[{"href":"https:\/\/e-edukujemy.pl\/index.php?rest_route=%2Fwp%2Fv2%2Fmedia&parent=297"}],"wp:term":[{"taxonomy":"product_brand","embeddable":true,"href":"https:\/\/e-edukujemy.pl\/index.php?rest_route=%2Fwp%2Fv2%2Fproduct_brand&post=297"},{"taxonomy":"product_cat","embeddable":true,"href":"https:\/\/e-edukujemy.pl\/index.php?rest_route=%2Fwp%2Fv2%2Fproduct_cat&post=297"},{"taxonomy":"product_tag","embeddable":true,"href":"https:\/\/e-edukujemy.pl\/index.php?rest_route=%2Fwp%2Fv2%2Fproduct_tag&post=297"}],"curies":[{"name":"wp","href":"https:\/\/api.w.org\/{rel}","templated":true}]}}