{"id":284,"date":"2025-08-26T20:37:00","date_gmt":"2025-08-26T18:37:00","guid":{"rendered":"https:\/\/e-edukujemy.pl\/?post_type=product&#038;p=284"},"modified":"2025-09-06T13:07:11","modified_gmt":"2025-09-06T11:07:11","slug":"karta-pracy-edukacja-ekonomiczna-oszczednosci","status":"publish","type":"product","link":"https:\/\/e-edukujemy.pl\/?product=karta-pracy-edukacja-ekonomiczna-oszczednosci","title":{"rendered":"Karta pracy &#8211; Edukacja ekonomiczna: Oszcz\u0119dno\u015bci"},"content":{"rendered":"<p>\u0106wiczenia ucz\u0105 planowania oszcz\u0119dno\u015bci i zarz\u0105dzania pieni\u0119dzmi.<br \/>\n\ud83d\udc49 <strong>Korzy\u015bci:<\/strong> rozwija odpowiedzialno\u015b\u0107 finansow\u0105 i umiej\u0119tno\u015b\u0107 przewidywania wydatk\u00f3w<\/p>\n","protected":false},"excerpt":{"rendered":"<p>\u0106wiczenia ucz\u0105 planowania oszcz\u0119dno\u015bci i zarz\u0105dzania pieni\u0119dzmi. \ud83d\udc49 Korzy\u015bci: rozwija odpowiedzialno\u015b\u0107 finansow\u0105 i umiej\u0119tno\u015b\u0107 przewidywania wydatk\u00f3w<\/p>\n","protected":false},"featured_media":569,"comment_status":"open","ping_status":"closed","template":"","meta":{"site-sidebar-layout":"default","site-content-layout":"","ast-site-content-layout":"default","site-content-style":"default","site-sidebar-style":"default","ast-global-header-display":"","ast-banner-title-visibility":"","ast-main-header-display":"","ast-hfb-above-header-display":"","ast-hfb-below-header-display":"","ast-hfb-mobile-header-display":"","site-post-title":"","ast-breadcrumbs-content":"","ast-featured-img":"","footer-sml-layout":"","theme-transparent-header-meta":"default","adv-header-id-meta":"","stick-header-meta":"","header-above-stick-meta":"","header-main-stick-meta":"","header-below-stick-meta":"","astra-migrate-meta-layouts":"set","ast-page-background-enabled":"default","ast-page-background-meta":{"desktop":{"background-color":"var(--ast-global-color-5)","background-image":"","background-repeat":"repeat","background-position":"center center","background-size":"auto","background-attachment":"scroll","background-type":"","background-media":"","overlay-type":"","overlay-color":"","overlay-opacity":"","overlay-gradient":""},"tablet":{"background-color":"","background-image":"","background-repeat":"repeat","background-position":"center center","background-size":"auto","background-attachment":"scroll","background-type":"","background-media":"","overlay-type":"","overlay-color":"","overlay-opacity":"","overlay-gradient":""},"mobile":{"background-color":"","background-image":"","background-repeat":"repeat","background-position":"center center","background-size":"auto","background-attachment":"scroll","background-type":"","background-media":"","overlay-type":"","overlay-color":"","overlay-opacity":"","overlay-gradient":""}},"ast-content-background-meta":{"desktop":{"background-color":"var(--ast-global-color-4)","background-image":"","background-repeat":"repeat","background-position":"center center","background-size":"auto","background-attachment":"scroll","background-type":"","background-media":"","overlay-type":"","overlay-color":"","overlay-opacity":"","overlay-gradient":""},"tablet":{"background-color":"var(--ast-global-color-4)","background-image":"","background-repeat":"repeat","background-position":"center center","background-size":"auto","background-attachment":"scroll","background-type":"","background-media":"","overlay-type":"","overlay-color":"","overlay-opacity":"","overlay-gradient":""},"mobile":{"background-color":"var(--ast-global-color-4)","background-image":"","background-repeat":"repeat","background-position":"center center","background-size":"auto","background-attachment":"scroll","background-type":"","background-media":"","overlay-type":"","overlay-color":"","overlay-opacity":"","overlay-gradient":""}}},"product_brand":[],"product_cat":[28],"product_tag":[],"class_list":{"0":"post-284","1":"product","2":"type-product","3":"status-publish","4":"has-post-thumbnail","6":"product_cat-edukacja-ekonomiczna","7":"desktop-align-center","8":"tablet-align-left","9":"mobile-align-left","11":"first","12":"instock","13":"downloadable","14":"virtual","15":"purchasable","16":"product-type-simple"},"jetpack_sharing_enabled":true,"_links":{"self":[{"href":"https:\/\/e-edukujemy.pl\/index.php?rest_route=\/wp\/v2\/product\/284","targetHints":{"allow":["GET"]}}],"collection":[{"href":"https:\/\/e-edukujemy.pl\/index.php?rest_route=\/wp\/v2\/product"}],"about":[{"href":"https:\/\/e-edukujemy.pl\/index.php?rest_route=\/wp\/v2\/types\/product"}],"replies":[{"embeddable":true,"href":"https:\/\/e-edukujemy.pl\/index.php?rest_route=%2Fwp%2Fv2%2Fcomments&post=284"}],"wp:featuredmedia":[{"embeddable":true,"href":"https:\/\/e-edukujemy.pl\/index.php?rest_route=\/wp\/v2\/media\/569"}],"wp:attachment":[{"href":"https:\/\/e-edukujemy.pl\/index.php?rest_route=%2Fwp%2Fv2%2Fmedia&parent=284"}],"wp:term":[{"taxonomy":"product_brand","embeddable":true,"href":"https:\/\/e-edukujemy.pl\/index.php?rest_route=%2Fwp%2Fv2%2Fproduct_brand&post=284"},{"taxonomy":"product_cat","embeddable":true,"href":"https:\/\/e-edukujemy.pl\/index.php?rest_route=%2Fwp%2Fv2%2Fproduct_cat&post=284"},{"taxonomy":"product_tag","embeddable":true,"href":"https:\/\/e-edukujemy.pl\/index.php?rest_route=%2Fwp%2Fv2%2Fproduct_tag&post=284"}],"curies":[{"name":"wp","href":"https:\/\/api.w.org\/{rel}","templated":true}]}}