{"id":268,"date":"2025-08-26T20:17:36","date_gmt":"2025-08-26T18:17:36","guid":{"rendered":"https:\/\/e-edukujemy.pl\/?post_type=product&#038;p=268"},"modified":"2025-09-06T13:17:22","modified_gmt":"2025-09-06T11:17:22","slug":"pakiet-kart-pracy-doradztwo-zawodowe","status":"publish","type":"product","link":"https:\/\/e-edukujemy.pl\/?product=pakiet-kart-pracy-doradztwo-zawodowe","title":{"rendered":"Pakiet kart pracy &#8211; doradztwo zawodowe"},"content":{"rendered":"<p>Zestaw o\u015bmiu kart pracy, kt\u00f3re z powodzeniem mo\u017cna wykorzysta\u0107 na lekcjach doradztwa zawodowego, a tak\u017ce godzinach z wychowawc\u0105 lub innych przedmiotach.<\/p>\n<p>W pakiecie znajduj\u0105 si\u0119 nast\u0119puj\u0105ce karty:<\/p>\n<ol>\n<li><strong> Analiza rynku pracy \u2013 5 z\u0142<\/strong><br \/>\nKarta pracy pozwala uczniom pozna\u0107 aktualne trendy na rynku pracy, analizowa\u0107 dost\u0119pne zawody i wymagane kompetencje.<br \/>\n\ud83d\udc49 <strong>Korzy\u015bci:<\/strong> rozwija umiej\u0119tno\u015b\u0107 analizy informacji i planowania \u015bcie\u017cki zawodowej, wspiera \u015bwiadome decyzje edukacyjne<\/li>\n<li><strong> Rozwijamy kompetencje kluczowe\u00a0<\/strong><br \/>\nKarta pracy koncentruje si\u0119 na rozwijaniu podstawowych kompetencji potrzebnych w nauce i przysz\u0142ej pracy zawodowej<br \/>\n\ud83d\udc49 <strong>Korzy\u015bci:<\/strong> zwi\u0119ksza motywacj\u0119 do nauki, przygotowuje do praktycznego wykorzystania wiedzy w r\u00f3\u017cnych sytuacjach.<\/li>\n<li><strong> Mocne strony\u00a0<\/strong><br \/>\n\u0106wiczenia umo\u017cliwiaj\u0105 uczniom identyfikacj\u0119 w\u0142asnych talent\u00f3w i mocnych stron.<br \/>\n\ud83d\udc49 <strong>Korzy\u015bci:<\/strong> wspiera budowanie pewno\u015bci siebie i planowanie kariery zgodnie z w\u0142asnym potencja\u0142em<\/li>\n<li><strong> Poznanie siebie\u00a0<\/strong><br \/>\nKarta pracy prowadzi uczni\u00f3w przez refleksj\u0119 nad cechami osobowo\u015bci, temperamentem, warto\u015bciami i motywatorami.<br \/>\n\ud83d\udc49 <strong>Korzy\u015bci:<\/strong> zwi\u0119ksza samo\u015bwiadomo\u015b\u0107 i wspiera trafne wybory edukacyjne i zawodowe<\/li>\n<li><strong> Rynek pracy i zawody przysz\u0142o\u015bci\u00a0<\/strong><br \/>\nKarta pracy pomaga uczniom pozna\u0107 przysz\u0142e trendy zawodowe i wymagane kompetencje na dynamicznym rynku pracy.<br \/>\n\ud83d\udc49 <strong>Korzy\u015bci:<\/strong> rozwija umiej\u0119tno\u015b\u0107 planowania kariery i przewidywania zmian w zawodach, u\u0142atwia \u015bwiadome wybory edukacyjne<\/li>\n<li><strong> Wyb\u00f3r szko\u0142y i zawodu\u00a0<\/strong><br \/>\n\u0106wiczenia wspieraj\u0105 uczni\u00f3w w analizie w\u0142asnych predyspozycji i dost\u0119pnych opcji edukacyjnych.<br \/>\n\ud83d\udc49 <strong>Korzy\u015bci:<\/strong> pomaga podejmowa\u0107 \u015bwiadome decyzje edukacyjne, rozwija samo\u015bwiadomo\u015b\u0107 i odpowiedzialno\u015b\u0107<\/li>\n<li><strong> Zawodoznawstwo\u00a0<\/strong><br \/>\nKarta pracy pozwala uczniom pozna\u0107 r\u00f3\u017cnorodne zawody, wymagania i \u015bcie\u017cki kariery.<br \/>\n\ud83d\udc49 <strong>Korzy\u015bci:<\/strong> rozwija wiedz\u0119 o rynku pracy i umiej\u0119tno\u015b\u0107 dopasowania swoich kompetencji do zawod\u00f3w<\/li>\n<\/ol>\n","protected":false},"excerpt":{"rendered":"<p>Zestaw o\u015bmiu kart pracy, kt\u00f3re z powodzeniem mo\u017cna wykorzysta\u0107 na lekcjach doradztwa zawodowego, a tak\u017ce godzinach z wychowawc\u0105 lub innych [&hellip;]<\/p>\n","protected":false},"featured_media":518,"comment_status":"open","ping_status":"closed","template":"","meta":{"site-sidebar-layout":"default","site-content-layout":"","ast-site-content-layout":"default","site-content-style":"default","site-sidebar-style":"default","ast-global-header-display":"","ast-banner-title-visibility":"","ast-main-header-display":"","ast-hfb-above-header-display":"","ast-hfb-below-header-display":"","ast-hfb-mobile-header-display":"","site-post-title":"","ast-breadcrumbs-content":"","ast-featured-img":"","footer-sml-layout":"","theme-transparent-header-meta":"default","adv-header-id-meta":"","stick-header-meta":"","header-above-stick-meta":"","header-main-stick-meta":"","header-below-stick-meta":"","astra-migrate-meta-layouts":"set","ast-page-background-enabled":"default","ast-page-background-meta":{"desktop":{"background-color":"var(--ast-global-color-5)","background-image":"","background-repeat":"repeat","background-position":"center center","background-size":"auto","background-attachment":"scroll","background-type":"","background-media":"","overlay-type":"","overlay-color":"","overlay-opacity":"","overlay-gradient":""},"tablet":{"background-color":"","background-image":"","background-repeat":"repeat","background-position":"center center","background-size":"auto","background-attachment":"scroll","background-type":"","background-media":"","overlay-type":"","overlay-color":"","overlay-opacity":"","overlay-gradient":""},"mobile":{"background-color":"","background-image":"","background-repeat":"repeat","background-position":"center center","background-size":"auto","background-attachment":"scroll","background-type":"","background-media":"","overlay-type":"","overlay-color":"","overlay-opacity":"","overlay-gradient":""}},"ast-content-background-meta":{"desktop":{"background-color":"var(--ast-global-color-4)","background-image":"","background-repeat":"repeat","background-position":"center center","background-size":"auto","background-attachment":"scroll","background-type":"","background-media":"","overlay-type":"","overlay-color":"","overlay-opacity":"","overlay-gradient":""},"tablet":{"background-color":"var(--ast-global-color-4)","background-image":"","background-repeat":"repeat","background-position":"center center","background-size":"auto","background-attachment":"scroll","background-type":"","background-media":"","overlay-type":"","overlay-color":"","overlay-opacity":"","overlay-gradient":""},"mobile":{"background-color":"var(--ast-global-color-4)","background-image":"","background-repeat":"repeat","background-position":"center center","background-size":"auto","background-attachment":"scroll","background-type":"","background-media":"","overlay-type":"","overlay-color":"","overlay-opacity":"","overlay-gradient":""}}},"product_brand":[],"product_cat":[26],"product_tag":[],"class_list":{"0":"post-268","1":"product","2":"type-product","3":"status-publish","4":"has-post-thumbnail","6":"product_cat-doradztwo-zawodowe","7":"desktop-align-center","8":"tablet-align-left","9":"mobile-align-left","11":"first","12":"instock","13":"sale","14":"downloadable","15":"virtual","16":"purchasable","17":"product-type-simple"},"jetpack_sharing_enabled":true,"_links":{"self":[{"href":"https:\/\/e-edukujemy.pl\/index.php?rest_route=\/wp\/v2\/product\/268","targetHints":{"allow":["GET"]}}],"collection":[{"href":"https:\/\/e-edukujemy.pl\/index.php?rest_route=\/wp\/v2\/product"}],"about":[{"href":"https:\/\/e-edukujemy.pl\/index.php?rest_route=\/wp\/v2\/types\/product"}],"replies":[{"embeddable":true,"href":"https:\/\/e-edukujemy.pl\/index.php?rest_route=%2Fwp%2Fv2%2Fcomments&post=268"}],"wp:featuredmedia":[{"embeddable":true,"href":"https:\/\/e-edukujemy.pl\/index.php?rest_route=\/wp\/v2\/media\/518"}],"wp:attachment":[{"href":"https:\/\/e-edukujemy.pl\/index.php?rest_route=%2Fwp%2Fv2%2Fmedia&parent=268"}],"wp:term":[{"taxonomy":"product_brand","embeddable":true,"href":"https:\/\/e-edukujemy.pl\/index.php?rest_route=%2Fwp%2Fv2%2Fproduct_brand&post=268"},{"taxonomy":"product_cat","embeddable":true,"href":"https:\/\/e-edukujemy.pl\/index.php?rest_route=%2Fwp%2Fv2%2Fproduct_cat&post=268"},{"taxonomy":"product_tag","embeddable":true,"href":"https:\/\/e-edukujemy.pl\/index.php?rest_route=%2Fwp%2Fv2%2Fproduct_tag&post=268"}],"curies":[{"name":"wp","href":"https:\/\/api.w.org\/{rel}","templated":true}]}}