{"id":259,"date":"2025-08-26T19:44:00","date_gmt":"2025-08-26T17:44:00","guid":{"rendered":"https:\/\/e-edukujemy.pl\/?post_type=product&#038;p=259"},"modified":"2025-09-07T13:47:58","modified_gmt":"2025-09-07T11:47:58","slug":"gra-fabularna-boska-przygoda","status":"publish","type":"product","link":"https:\/\/e-edukujemy.pl\/?product=gra-fabularna-boska-przygoda","title":{"rendered":"Gra fabularna \u201eBoska przygoda\u201d (j\u0119zyk polski dla obcokrajowc\u00f3w)"},"content":{"rendered":"<p>Gra przenosi uczestnik\u00f3w do \u015bwiata bog\u00f3w s\u0142owia\u0144skich, kt\u00f3rzy dziwnym trafem znale\u017ali si\u0119 w\u015br\u00f3d zwyk\u0142ych \u015bmiertelnik\u00f3w we wsp\u00f3\u0142czesnej Polsce. Uczestnicy wcielaj\u0105 si\u0119 w ich role i musz\u0105 wykonywa\u0107 zadania, przy okazji \u0107wicz\u0105c u\u017cycie j\u0119zyka polskiego. Ich zadaniem jest rozwi\u0105zanie zagadki, kto i w jakim celu przys\u0142a\u0142 bog\u00f3w na Ziemi\u0119.<\/p>\n<p>Celem edukacyjnym gry jest prze\u0107wiczenie u\u017cycia s\u0142ownictwa i struktur gramatycznych od poziomu A2 wzwy\u017c.<\/p>\n<p>W pakiecie:<\/p>\n<ul>\n<li>karty do gry: zielone, niebieskie, fioletowe i \u017c\u00f3\u0142te (wskaz\u00f3wka &#8211; wydrukuj po 9 na stronie)<\/li>\n<li>pi\u0119knie, starannie\u00a0 ilustrowane karty postaci<\/li>\n<li>plansza (w wersji A4 i A3)<\/li>\n<li>\u017cetony &#8222;pauza&#8221;<\/li>\n<li>zasady<\/li>\n<\/ul>\n<p>Zabierz swoich uczni\u00f3w na &#8222;Bosk\u0105 przygod\u0119&#8221;! \ud83d\ude42<\/p>\n","protected":false},"excerpt":{"rendered":"<p>Gra przenosi uczestnik\u00f3w do \u015bwiata bog\u00f3w s\u0142owia\u0144skich, kt\u00f3rzy dziwnym trafem znale\u017ali si\u0119 w\u015br\u00f3d zwyk\u0142ych \u015bmiertelnik\u00f3w we wsp\u00f3\u0142czesnej Polsce. Uczestnicy wcielaj\u0105 [&hellip;]<\/p>\n","protected":false},"featured_media":620,"comment_status":"open","ping_status":"closed","template":"","meta":{"site-sidebar-layout":"default","site-content-layout":"","ast-site-content-layout":"default","site-content-style":"default","site-sidebar-style":"default","ast-global-header-display":"","ast-banner-title-visibility":"","ast-main-header-display":"","ast-hfb-above-header-display":"","ast-hfb-below-header-display":"","ast-hfb-mobile-header-display":"","site-post-title":"","ast-breadcrumbs-content":"","ast-featured-img":"","footer-sml-layout":"","theme-transparent-header-meta":"default","adv-header-id-meta":"","stick-header-meta":"","header-above-stick-meta":"","header-main-stick-meta":"","header-below-stick-meta":"","astra-migrate-meta-layouts":"set","ast-page-background-enabled":"default","ast-page-background-meta":{"desktop":{"background-color":"var(--ast-global-color-5)","background-image":"","background-repeat":"repeat","background-position":"center center","background-size":"auto","background-attachment":"scroll","background-type":"","background-media":"","overlay-type":"","overlay-color":"","overlay-opacity":"","overlay-gradient":""},"tablet":{"background-color":"","background-image":"","background-repeat":"repeat","background-position":"center center","background-size":"auto","background-attachment":"scroll","background-type":"","background-media":"","overlay-type":"","overlay-color":"","overlay-opacity":"","overlay-gradient":""},"mobile":{"background-color":"","background-image":"","background-repeat":"repeat","background-position":"center center","background-size":"auto","background-attachment":"scroll","background-type":"","background-media":"","overlay-type":"","overlay-color":"","overlay-opacity":"","overlay-gradient":""}},"ast-content-background-meta":{"desktop":{"background-color":"var(--ast-global-color-4)","background-image":"","background-repeat":"repeat","background-position":"center center","background-size":"auto","background-attachment":"scroll","background-type":"","background-media":"","overlay-type":"","overlay-color":"","overlay-opacity":"","overlay-gradient":""},"tablet":{"background-color":"var(--ast-global-color-4)","background-image":"","background-repeat":"repeat","background-position":"center center","background-size":"auto","background-attachment":"scroll","background-type":"","background-media":"","overlay-type":"","overlay-color":"","overlay-opacity":"","overlay-gradient":""},"mobile":{"background-color":"var(--ast-global-color-4)","background-image":"","background-repeat":"repeat","background-position":"center center","background-size":"auto","background-attachment":"scroll","background-type":"","background-media":"","overlay-type":"","overlay-color":"","overlay-opacity":"","overlay-gradient":""}}},"product_brand":[],"product_cat":[27],"product_tag":[],"class_list":{"0":"post-259","1":"product","2":"type-product","3":"status-publish","4":"has-post-thumbnail","6":"product_cat-jezyk-polski-dla-obcokrajowcow","7":"desktop-align-center","8":"tablet-align-left","9":"mobile-align-left","11":"first","12":"instock","13":"downloadable","14":"virtual","15":"purchasable","16":"product-type-simple"},"jetpack_sharing_enabled":true,"_links":{"self":[{"href":"https:\/\/e-edukujemy.pl\/index.php?rest_route=\/wp\/v2\/product\/259","targetHints":{"allow":["GET"]}}],"collection":[{"href":"https:\/\/e-edukujemy.pl\/index.php?rest_route=\/wp\/v2\/product"}],"about":[{"href":"https:\/\/e-edukujemy.pl\/index.php?rest_route=\/wp\/v2\/types\/product"}],"replies":[{"embeddable":true,"href":"https:\/\/e-edukujemy.pl\/index.php?rest_route=%2Fwp%2Fv2%2Fcomments&post=259"}],"wp:featuredmedia":[{"embeddable":true,"href":"https:\/\/e-edukujemy.pl\/index.php?rest_route=\/wp\/v2\/media\/620"}],"wp:attachment":[{"href":"https:\/\/e-edukujemy.pl\/index.php?rest_route=%2Fwp%2Fv2%2Fmedia&parent=259"}],"wp:term":[{"taxonomy":"product_brand","embeddable":true,"href":"https:\/\/e-edukujemy.pl\/index.php?rest_route=%2Fwp%2Fv2%2Fproduct_brand&post=259"},{"taxonomy":"product_cat","embeddable":true,"href":"https:\/\/e-edukujemy.pl\/index.php?rest_route=%2Fwp%2Fv2%2Fproduct_cat&post=259"},{"taxonomy":"product_tag","embeddable":true,"href":"https:\/\/e-edukujemy.pl\/index.php?rest_route=%2Fwp%2Fv2%2Fproduct_tag&post=259"}],"curies":[{"name":"wp","href":"https:\/\/api.w.org\/{rel}","templated":true}]}}