{"id":245,"date":"2025-08-26T18:46:00","date_gmt":"2025-08-26T16:46:00","guid":{"rendered":"https:\/\/e-edukujemy.pl\/?post_type=product&#038;p=245"},"modified":"2025-09-05T17:43:00","modified_gmt":"2025-09-05T15:43:00","slug":"jak-opowiadac-dzieciom-o-pieniadzach-1-10-2025-godz-1800","status":"publish","type":"product","link":"https:\/\/e-edukujemy.pl\/?product=jak-opowiadac-dzieciom-o-pieniadzach-1-10-2025-godz-1800","title":{"rendered":"Jak opowiada\u0107 dzieciom o pieni\u0105dzach \u2013 1.10.2025, godz. 18:00"},"content":{"rendered":"<p>Jak rozmawia\u0107 z m\u0142odymi uczniami o pieni\u0105dzach i zarz\u0105dzaniu bud\u017cetem, by nauka by\u0142a ciekawa i anga\u017cuj\u0105ca? Webinar poka\u017ce praktyczne strategie i gry edukacyjne wspieraj\u0105ce rozw\u00f3j kompetencji finansowych.<\/p>\n<p>\ud83d\udc49 <strong>Dlaczego warto?<\/strong><\/p>\n<ul>\n<li>Nauczysz si\u0119 przedstawia\u0107 zagadnienia finansowe w atrakcyjny spos\u00f3b.<\/li>\n<li>Poznasz gry, karty pracy i \u0107wiczenia wspieraj\u0105ce praktyczne nauczanie.<\/li>\n<li>Otrzymasz gotowe materia\u0142y autorskie do wykorzystania od razu w klasie.<\/li>\n<\/ul>\n<p>\ud83d\udcc4 <strong>Dodatkowo:<\/strong><br \/>\nKa\u017cdy uczestnik otrzyma <strong>materia\u0142y szkoleniowe<\/strong> oraz <strong>certyfikat<\/strong> potwierdzaj\u0105cy udzia\u0142 w szkoleniu.<\/p>\n","protected":false},"excerpt":{"rendered":"<p>Jak rozmawia\u0107 z m\u0142odymi uczniami o pieni\u0105dzach i zarz\u0105dzaniu bud\u017cetem, by nauka by\u0142a ciekawa i anga\u017cuj\u0105ca? Webinar poka\u017ce praktyczne strategie [&hellip;]<\/p>\n","protected":false},"featured_media":659,"comment_status":"open","ping_status":"closed","template":"","meta":{"site-sidebar-layout":"default","site-content-layout":"","ast-site-content-layout":"default","site-content-style":"default","site-sidebar-style":"default","ast-global-header-display":"","ast-banner-title-visibility":"","ast-main-header-display":"","ast-hfb-above-header-display":"","ast-hfb-below-header-display":"","ast-hfb-mobile-header-display":"","site-post-title":"","ast-breadcrumbs-content":"","ast-featured-img":"","footer-sml-layout":"","theme-transparent-header-meta":"default","adv-header-id-meta":"","stick-header-meta":"","header-above-stick-meta":"","header-main-stick-meta":"","header-below-stick-meta":"","astra-migrate-meta-layouts":"set","ast-page-background-enabled":"default","ast-page-background-meta":{"desktop":{"background-color":"var(--ast-global-color-5)","background-image":"","background-repeat":"repeat","background-position":"center center","background-size":"auto","background-attachment":"scroll","background-type":"","background-media":"","overlay-type":"","overlay-color":"","overlay-opacity":"","overlay-gradient":""},"tablet":{"background-color":"","background-image":"","background-repeat":"repeat","background-position":"center center","background-size":"auto","background-attachment":"scroll","background-type":"","background-media":"","overlay-type":"","overlay-color":"","overlay-opacity":"","overlay-gradient":""},"mobile":{"background-color":"","background-image":"","background-repeat":"repeat","background-position":"center center","background-size":"auto","background-attachment":"scroll","background-type":"","background-media":"","overlay-type":"","overlay-color":"","overlay-opacity":"","overlay-gradient":""}},"ast-content-background-meta":{"desktop":{"background-color":"var(--ast-global-color-4)","background-image":"","background-repeat":"repeat","background-position":"center center","background-size":"auto","background-attachment":"scroll","background-type":"","background-media":"","overlay-type":"","overlay-color":"","overlay-opacity":"","overlay-gradient":""},"tablet":{"background-color":"var(--ast-global-color-4)","background-image":"","background-repeat":"repeat","background-position":"center center","background-size":"auto","background-attachment":"scroll","background-type":"","background-media":"","overlay-type":"","overlay-color":"","overlay-opacity":"","overlay-gradient":""},"mobile":{"background-color":"var(--ast-global-color-4)","background-image":"","background-repeat":"repeat","background-position":"center center","background-size":"auto","background-attachment":"scroll","background-type":"","background-media":"","overlay-type":"","overlay-color":"","overlay-opacity":"","overlay-gradient":""}}},"product_brand":[],"product_cat":[31,21],"product_tag":[],"class_list":{"0":"post-245","1":"product","2":"type-product","3":"status-publish","4":"has-post-thumbnail","6":"product_cat-edukacja-ekonomiczna-szkolenia","7":"product_cat-szkolenia","8":"desktop-align-center","9":"tablet-align-left","10":"mobile-align-left","12":"first","13":"instock","14":"downloadable","15":"virtual","16":"purchasable","17":"product-type-simple"},"jetpack_sharing_enabled":true,"_links":{"self":[{"href":"https:\/\/e-edukujemy.pl\/index.php?rest_route=\/wp\/v2\/product\/245","targetHints":{"allow":["GET"]}}],"collection":[{"href":"https:\/\/e-edukujemy.pl\/index.php?rest_route=\/wp\/v2\/product"}],"about":[{"href":"https:\/\/e-edukujemy.pl\/index.php?rest_route=\/wp\/v2\/types\/product"}],"replies":[{"embeddable":true,"href":"https:\/\/e-edukujemy.pl\/index.php?rest_route=%2Fwp%2Fv2%2Fcomments&post=245"}],"wp:featuredmedia":[{"embeddable":true,"href":"https:\/\/e-edukujemy.pl\/index.php?rest_route=\/wp\/v2\/media\/659"}],"wp:attachment":[{"href":"https:\/\/e-edukujemy.pl\/index.php?rest_route=%2Fwp%2Fv2%2Fmedia&parent=245"}],"wp:term":[{"taxonomy":"product_brand","embeddable":true,"href":"https:\/\/e-edukujemy.pl\/index.php?rest_route=%2Fwp%2Fv2%2Fproduct_brand&post=245"},{"taxonomy":"product_cat","embeddable":true,"href":"https:\/\/e-edukujemy.pl\/index.php?rest_route=%2Fwp%2Fv2%2Fproduct_cat&post=245"},{"taxonomy":"product_tag","embeddable":true,"href":"https:\/\/e-edukujemy.pl\/index.php?rest_route=%2Fwp%2Fv2%2Fproduct_tag&post=245"}],"curies":[{"name":"wp","href":"https:\/\/api.w.org\/{rel}","templated":true}]}}