{"id":244,"date":"2025-08-26T18:45:21","date_gmt":"2025-08-26T16:45:21","guid":{"rendered":"https:\/\/e-edukujemy.pl\/?post_type=product&#038;p=244"},"modified":"2025-09-26T01:45:01","modified_gmt":"2025-09-25T23:45:01","slug":"edukacja-ekonomiczna-24-09-2025-godz-1800","status":"publish","type":"product","link":"https:\/\/e-edukujemy.pl\/?product=edukacja-ekonomiczna-24-09-2025-godz-1800","title":{"rendered":"Edukacja ekonomiczna (nagranie webinaru)"},"content":{"rendered":"<p>Jak wprowadza\u0107 dzieci i m\u0142odzie\u017c w \u015bwiat finans\u00f3w osobistych w spos\u00f3b prosty i praktyczny? Webinar poka\u017ce metody nauczania ekonomii, kt\u00f3re anga\u017cuj\u0105 uczni\u00f3w i rozwijaj\u0105 ich kompetencje finansowe.<\/p>\n<p>\ud83d\udc49 <strong>Dlaczego warto?<\/strong><\/p>\n<ul>\n<li>Dowiesz si\u0119, jak t\u0142umaczy\u0107 uczniom podstawowe poj\u0119cia ekonomiczne w praktyczny spos\u00f3b.<\/li>\n<li>Poznasz gotowe \u0107wiczenia i scenariusze lekcji z edukacji ekonomicznej.<\/li>\n<li>Otrzymasz autorskie materia\u0142y szkoleniowe gotowe do wykorzystania na lekcjach.<\/li>\n<\/ul>\n<p>\ud83d\udcc4 <strong>Dodatkowo:<\/strong><br \/>\nKa\u017cdy uczestnik otrzyma <strong>materia\u0142y szkoleniowe<\/strong> oraz <strong>certyfikat<\/strong> potwierdzaj\u0105cy udzia\u0142 w szkoleniu.<\/p>\n","protected":false},"excerpt":{"rendered":"<p>Jak wprowadza\u0107 dzieci i m\u0142odzie\u017c w \u015bwiat finans\u00f3w osobistych w spos\u00f3b prosty i praktyczny? Webinar poka\u017ce metody nauczania ekonomii, kt\u00f3re [&hellip;]<\/p>\n","protected":false},"featured_media":669,"comment_status":"open","ping_status":"closed","template":"","meta":{"site-sidebar-layout":"default","site-content-layout":"","ast-site-content-layout":"default","site-content-style":"default","site-sidebar-style":"default","ast-global-header-display":"","ast-banner-title-visibility":"","ast-main-header-display":"","ast-hfb-above-header-display":"","ast-hfb-below-header-display":"","ast-hfb-mobile-header-display":"","site-post-title":"","ast-breadcrumbs-content":"","ast-featured-img":"","footer-sml-layout":"","theme-transparent-header-meta":"default","adv-header-id-meta":"","stick-header-meta":"","header-above-stick-meta":"","header-main-stick-meta":"","header-below-stick-meta":"","astra-migrate-meta-layouts":"set","ast-page-background-enabled":"default","ast-page-background-meta":{"desktop":{"background-color":"var(--ast-global-color-5)","background-image":"","background-repeat":"repeat","background-position":"center center","background-size":"auto","background-attachment":"scroll","background-type":"","background-media":"","overlay-type":"","overlay-color":"","overlay-opacity":"","overlay-gradient":""},"tablet":{"background-color":"","background-image":"","background-repeat":"repeat","background-position":"center center","background-size":"auto","background-attachment":"scroll","background-type":"","background-media":"","overlay-type":"","overlay-color":"","overlay-opacity":"","overlay-gradient":""},"mobile":{"background-color":"","background-image":"","background-repeat":"repeat","background-position":"center center","background-size":"auto","background-attachment":"scroll","background-type":"","background-media":"","overlay-type":"","overlay-color":"","overlay-opacity":"","overlay-gradient":""}},"ast-content-background-meta":{"desktop":{"background-color":"var(--ast-global-color-4)","background-image":"","background-repeat":"repeat","background-position":"center center","background-size":"auto","background-attachment":"scroll","background-type":"","background-media":"","overlay-type":"","overlay-color":"","overlay-opacity":"","overlay-gradient":""},"tablet":{"background-color":"var(--ast-global-color-4)","background-image":"","background-repeat":"repeat","background-position":"center center","background-size":"auto","background-attachment":"scroll","background-type":"","background-media":"","overlay-type":"","overlay-color":"","overlay-opacity":"","overlay-gradient":""},"mobile":{"background-color":"var(--ast-global-color-4)","background-image":"","background-repeat":"repeat","background-position":"center center","background-size":"auto","background-attachment":"scroll","background-type":"","background-media":"","overlay-type":"","overlay-color":"","overlay-opacity":"","overlay-gradient":""}}},"product_brand":[],"product_cat":[31,21],"product_tag":[],"class_list":{"0":"post-244","1":"product","2":"type-product","3":"status-publish","4":"has-post-thumbnail","6":"product_cat-edukacja-ekonomiczna-szkolenia","7":"product_cat-szkolenia","8":"desktop-align-center","9":"tablet-align-left","10":"mobile-align-left","12":"first","13":"instock","14":"downloadable","15":"virtual","16":"purchasable","17":"product-type-simple"},"jetpack_sharing_enabled":true,"_links":{"self":[{"href":"https:\/\/e-edukujemy.pl\/index.php?rest_route=\/wp\/v2\/product\/244","targetHints":{"allow":["GET"]}}],"collection":[{"href":"https:\/\/e-edukujemy.pl\/index.php?rest_route=\/wp\/v2\/product"}],"about":[{"href":"https:\/\/e-edukujemy.pl\/index.php?rest_route=\/wp\/v2\/types\/product"}],"replies":[{"embeddable":true,"href":"https:\/\/e-edukujemy.pl\/index.php?rest_route=%2Fwp%2Fv2%2Fcomments&post=244"}],"wp:featuredmedia":[{"embeddable":true,"href":"https:\/\/e-edukujemy.pl\/index.php?rest_route=\/wp\/v2\/media\/669"}],"wp:attachment":[{"href":"https:\/\/e-edukujemy.pl\/index.php?rest_route=%2Fwp%2Fv2%2Fmedia&parent=244"}],"wp:term":[{"taxonomy":"product_brand","embeddable":true,"href":"https:\/\/e-edukujemy.pl\/index.php?rest_route=%2Fwp%2Fv2%2Fproduct_brand&post=244"},{"taxonomy":"product_cat","embeddable":true,"href":"https:\/\/e-edukujemy.pl\/index.php?rest_route=%2Fwp%2Fv2%2Fproduct_cat&post=244"},{"taxonomy":"product_tag","embeddable":true,"href":"https:\/\/e-edukujemy.pl\/index.php?rest_route=%2Fwp%2Fv2%2Fproduct_tag&post=244"}],"curies":[{"name":"wp","href":"https:\/\/api.w.org\/{rel}","templated":true}]}}