{"id":239,"date":"2025-08-26T18:35:32","date_gmt":"2025-08-26T16:35:32","guid":{"rendered":"https:\/\/e-edukujemy.pl\/?post_type=product&#038;p=239"},"modified":"2025-09-19T23:38:45","modified_gmt":"2025-09-19T21:38:45","slug":"dokumentacja-doradcy-zawodowego-16-09-2025-godz-1800","status":"publish","type":"product","link":"https:\/\/e-edukujemy.pl\/?product=dokumentacja-doradcy-zawodowego-16-09-2025-godz-1800","title":{"rendered":"Dokumentacja doradcy zawodowego (nagranie)"},"content":{"rendered":"<p>Jak skutecznie prowadzi\u0107 dokumentacj\u0119 doradztwa zawodowego w szkole? Webinar obejmuje zasady tworzenia wewn\u0105trzszkolnego systemu doradztwa, programu doradztwa zawodowego, diagnozy i ewaluacji.<\/p>\n<p>\ud83d\udc49 <strong>Dlaczego warto?<\/strong><\/p>\n<ul>\n<li>Nauczysz si\u0119, jak tworzy\u0107 i prowadzi\u0107 dokumentacj\u0119 doradcy zawodowego.<\/li>\n<li>Poznasz praktyczne wskaz\u00f3wki dotycz\u0105ce diagnozy i ewaluacji dzia\u0142a\u0144.<\/li>\n<li>Otrzymasz gotowe szablony i autorskie materia\u0142y do wykorzystania w pracy.<\/li>\n<\/ul>\n<p>\ud83d\udcc4 <strong>Dodatkowo:<\/strong><br \/>\nKa\u017cdy uczestnik otrzyma <strong>materia\u0142y szkoleniowe<\/strong> oraz <strong>certyfikat<\/strong> potwierdzaj\u0105cy udzia\u0142 w szkoleniu.<\/p>\n<p>&nbsp;<\/p>\n<p>&nbsp;<\/p>\n","protected":false},"excerpt":{"rendered":"<p>Jak skutecznie prowadzi\u0107 dokumentacj\u0119 doradztwa zawodowego w szkole? Webinar obejmuje zasady tworzenia wewn\u0105trzszkolnego systemu doradztwa, programu doradztwa zawodowego, diagnozy i [&hellip;]<\/p>\n","protected":false},"featured_media":673,"comment_status":"open","ping_status":"closed","template":"","meta":{"site-sidebar-layout":"default","site-content-layout":"","ast-site-content-layout":"default","site-content-style":"default","site-sidebar-style":"default","ast-global-header-display":"","ast-banner-title-visibility":"","ast-main-header-display":"","ast-hfb-above-header-display":"","ast-hfb-below-header-display":"","ast-hfb-mobile-header-display":"","site-post-title":"","ast-breadcrumbs-content":"","ast-featured-img":"","footer-sml-layout":"","theme-transparent-header-meta":"default","adv-header-id-meta":"","stick-header-meta":"","header-above-stick-meta":"","header-main-stick-meta":"","header-below-stick-meta":"","astra-migrate-meta-layouts":"set","ast-page-background-enabled":"default","ast-page-background-meta":{"desktop":{"background-color":"var(--ast-global-color-5)","background-image":"","background-repeat":"repeat","background-position":"center center","background-size":"auto","background-attachment":"scroll","background-type":"","background-media":"","overlay-type":"","overlay-color":"","overlay-opacity":"","overlay-gradient":""},"tablet":{"background-color":"","background-image":"","background-repeat":"repeat","background-position":"center center","background-size":"auto","background-attachment":"scroll","background-type":"","background-media":"","overlay-type":"","overlay-color":"","overlay-opacity":"","overlay-gradient":""},"mobile":{"background-color":"","background-image":"","background-repeat":"repeat","background-position":"center center","background-size":"auto","background-attachment":"scroll","background-type":"","background-media":"","overlay-type":"","overlay-color":"","overlay-opacity":"","overlay-gradient":""}},"ast-content-background-meta":{"desktop":{"background-color":"var(--ast-global-color-4)","background-image":"","background-repeat":"repeat","background-position":"center center","background-size":"auto","background-attachment":"scroll","background-type":"","background-media":"","overlay-type":"","overlay-color":"","overlay-opacity":"","overlay-gradient":""},"tablet":{"background-color":"var(--ast-global-color-4)","background-image":"","background-repeat":"repeat","background-position":"center center","background-size":"auto","background-attachment":"scroll","background-type":"","background-media":"","overlay-type":"","overlay-color":"","overlay-opacity":"","overlay-gradient":""},"mobile":{"background-color":"var(--ast-global-color-4)","background-image":"","background-repeat":"repeat","background-position":"center center","background-size":"auto","background-attachment":"scroll","background-type":"","background-media":"","overlay-type":"","overlay-color":"","overlay-opacity":"","overlay-gradient":""}}},"product_brand":[],"product_cat":[29,21],"product_tag":[],"class_list":{"0":"post-239","1":"product","2":"type-product","3":"status-publish","4":"has-post-thumbnail","6":"product_cat-doradztwo-zawodowe-szkolenia","7":"product_cat-szkolenia","8":"desktop-align-center","9":"tablet-align-left","10":"mobile-align-left","12":"first","13":"instock","14":"downloadable","15":"virtual","16":"purchasable","17":"product-type-simple"},"jetpack_sharing_enabled":true,"_links":{"self":[{"href":"https:\/\/e-edukujemy.pl\/index.php?rest_route=\/wp\/v2\/product\/239","targetHints":{"allow":["GET"]}}],"collection":[{"href":"https:\/\/e-edukujemy.pl\/index.php?rest_route=\/wp\/v2\/product"}],"about":[{"href":"https:\/\/e-edukujemy.pl\/index.php?rest_route=\/wp\/v2\/types\/product"}],"replies":[{"embeddable":true,"href":"https:\/\/e-edukujemy.pl\/index.php?rest_route=%2Fwp%2Fv2%2Fcomments&post=239"}],"wp:featuredmedia":[{"embeddable":true,"href":"https:\/\/e-edukujemy.pl\/index.php?rest_route=\/wp\/v2\/media\/673"}],"wp:attachment":[{"href":"https:\/\/e-edukujemy.pl\/index.php?rest_route=%2Fwp%2Fv2%2Fmedia&parent=239"}],"wp:term":[{"taxonomy":"product_brand","embeddable":true,"href":"https:\/\/e-edukujemy.pl\/index.php?rest_route=%2Fwp%2Fv2%2Fproduct_brand&post=239"},{"taxonomy":"product_cat","embeddable":true,"href":"https:\/\/e-edukujemy.pl\/index.php?rest_route=%2Fwp%2Fv2%2Fproduct_cat&post=239"},{"taxonomy":"product_tag","embeddable":true,"href":"https:\/\/e-edukujemy.pl\/index.php?rest_route=%2Fwp%2Fv2%2Fproduct_tag&post=239"}],"curies":[{"name":"wp","href":"https:\/\/api.w.org\/{rel}","templated":true}]}}