{"id":238,"date":"2025-08-26T18:31:14","date_gmt":"2025-08-26T16:31:14","guid":{"rendered":"https:\/\/e-edukujemy.pl\/?post_type=product&#038;p=238"},"modified":"2025-09-05T17:46:07","modified_gmt":"2025-09-05T15:46:07","slug":"kompetencje-miekkie-27-01-2026-godz-1800","status":"publish","type":"product","link":"https:\/\/e-edukujemy.pl\/?product=kompetencje-miekkie-27-01-2026-godz-1800","title":{"rendered":"Kompetencje mi\u0119kkie. Jak wspiera\u0107 uczni\u00f3w w ich rozwijaniu? \u2013 27.01.2026, godz. 18:00"},"content":{"rendered":"<p>Kompetencje mi\u0119kkie s\u0105 kluczowe dla sukcesu uczni\u00f3w w szkole i \u017cyciu zawodowym. Webinar poka\u017ce, jak je rozwija\u0107 w praktyce i integrowa\u0107 z codziennymi zaj\u0119ciami dydaktycznymi.<\/p>\n<p>\ud83d\udc49 <strong>Dlaczego warto?<\/strong><\/p>\n<ul>\n<li>Dowiesz si\u0119, jak rozwija\u0107 u uczni\u00f3w komunikacj\u0119, wsp\u00f3\u0142prac\u0119, kreatywno\u015b\u0107 i odporno\u015b\u0107 emocjonaln\u0105.<\/li>\n<li>Poznasz praktyczne metody i \u0107wiczenia wspieraj\u0105ce kompetencje mi\u0119kkie.<\/li>\n<li>Otrzymasz autorskie materia\u0142y gotowe do wykorzystania w pracy z klas\u0105.<\/li>\n<\/ul>\n<p>\ud83d\udcc4 <strong>Dodatkowo:<\/strong><br \/>\nKa\u017cdy uczestnik otrzyma <strong>materia\u0142y szkoleniowe<\/strong> oraz <strong>certyfikat<\/strong> potwierdzaj\u0105cy udzia\u0142 w szkoleniu.<\/p>\n","protected":false},"excerpt":{"rendered":"<p>Kompetencje mi\u0119kkie s\u0105 kluczowe dla sukcesu uczni\u00f3w w szkole i \u017cyciu zawodowym. Webinar poka\u017ce, jak je rozwija\u0107 w praktyce i [&hellip;]<\/p>\n","protected":false},"featured_media":674,"comment_status":"open","ping_status":"closed","template":"","meta":{"site-sidebar-layout":"default","site-content-layout":"","ast-site-content-layout":"default","site-content-style":"default","site-sidebar-style":"default","ast-global-header-display":"","ast-banner-title-visibility":"","ast-main-header-display":"","ast-hfb-above-header-display":"","ast-hfb-below-header-display":"","ast-hfb-mobile-header-display":"","site-post-title":"","ast-breadcrumbs-content":"","ast-featured-img":"","footer-sml-layout":"","theme-transparent-header-meta":"default","adv-header-id-meta":"","stick-header-meta":"","header-above-stick-meta":"","header-main-stick-meta":"","header-below-stick-meta":"","astra-migrate-meta-layouts":"set","ast-page-background-enabled":"default","ast-page-background-meta":{"desktop":{"background-color":"var(--ast-global-color-5)","background-image":"","background-repeat":"repeat","background-position":"center center","background-size":"auto","background-attachment":"scroll","background-type":"","background-media":"","overlay-type":"","overlay-color":"","overlay-opacity":"","overlay-gradient":""},"tablet":{"background-color":"","background-image":"","background-repeat":"repeat","background-position":"center center","background-size":"auto","background-attachment":"scroll","background-type":"","background-media":"","overlay-type":"","overlay-color":"","overlay-opacity":"","overlay-gradient":""},"mobile":{"background-color":"","background-image":"","background-repeat":"repeat","background-position":"center center","background-size":"auto","background-attachment":"scroll","background-type":"","background-media":"","overlay-type":"","overlay-color":"","overlay-opacity":"","overlay-gradient":""}},"ast-content-background-meta":{"desktop":{"background-color":"var(--ast-global-color-4)","background-image":"","background-repeat":"repeat","background-position":"center center","background-size":"auto","background-attachment":"scroll","background-type":"","background-media":"","overlay-type":"","overlay-color":"","overlay-opacity":"","overlay-gradient":""},"tablet":{"background-color":"var(--ast-global-color-4)","background-image":"","background-repeat":"repeat","background-position":"center center","background-size":"auto","background-attachment":"scroll","background-type":"","background-media":"","overlay-type":"","overlay-color":"","overlay-opacity":"","overlay-gradient":""},"mobile":{"background-color":"var(--ast-global-color-4)","background-image":"","background-repeat":"repeat","background-position":"center center","background-size":"auto","background-attachment":"scroll","background-type":"","background-media":"","overlay-type":"","overlay-color":"","overlay-opacity":"","overlay-gradient":""}}},"product_brand":[],"product_cat":[29,21],"product_tag":[],"class_list":{"0":"post-238","1":"product","2":"type-product","3":"status-publish","4":"has-post-thumbnail","6":"product_cat-doradztwo-zawodowe-szkolenia","7":"product_cat-szkolenia","8":"desktop-align-center","9":"tablet-align-left","10":"mobile-align-left","12":"first","13":"instock","14":"downloadable","15":"virtual","16":"purchasable","17":"product-type-simple"},"jetpack_sharing_enabled":true,"_links":{"self":[{"href":"https:\/\/e-edukujemy.pl\/index.php?rest_route=\/wp\/v2\/product\/238","targetHints":{"allow":["GET"]}}],"collection":[{"href":"https:\/\/e-edukujemy.pl\/index.php?rest_route=\/wp\/v2\/product"}],"about":[{"href":"https:\/\/e-edukujemy.pl\/index.php?rest_route=\/wp\/v2\/types\/product"}],"replies":[{"embeddable":true,"href":"https:\/\/e-edukujemy.pl\/index.php?rest_route=%2Fwp%2Fv2%2Fcomments&post=238"}],"wp:featuredmedia":[{"embeddable":true,"href":"https:\/\/e-edukujemy.pl\/index.php?rest_route=\/wp\/v2\/media\/674"}],"wp:attachment":[{"href":"https:\/\/e-edukujemy.pl\/index.php?rest_route=%2Fwp%2Fv2%2Fmedia&parent=238"}],"wp:term":[{"taxonomy":"product_brand","embeddable":true,"href":"https:\/\/e-edukujemy.pl\/index.php?rest_route=%2Fwp%2Fv2%2Fproduct_brand&post=238"},{"taxonomy":"product_cat","embeddable":true,"href":"https:\/\/e-edukujemy.pl\/index.php?rest_route=%2Fwp%2Fv2%2Fproduct_cat&post=238"},{"taxonomy":"product_tag","embeddable":true,"href":"https:\/\/e-edukujemy.pl\/index.php?rest_route=%2Fwp%2Fv2%2Fproduct_tag&post=238"}],"curies":[{"name":"wp","href":"https:\/\/api.w.org\/{rel}","templated":true}]}}