{"id":171,"date":"2025-08-25T01:25:42","date_gmt":"2025-08-24T23:25:42","guid":{"rendered":"http:\/\/e-edukujemy.pl\/?product=szkolenie-jak-szukac-pracy-online"},"modified":"2025-09-04T19:54:48","modified_gmt":"2025-09-04T17:54:48","slug":"szkolenie-jak-szukac-pracy-online","status":"publish","type":"product","link":"https:\/\/e-edukujemy.pl\/?product=szkolenie-jak-szukac-pracy-online","title":{"rendered":"Metody skutecznego poszukiwania pracy"},"content":{"rendered":"<p data-start=\"113\" data-end=\"197\">\u2705 Dowiedz si\u0119, jak szybciej znale\u017a\u0107 prac\u0119 i wyr\u00f3\u017cni\u0107 si\u0119 na tle innych kandydat\u00f3w!<\/p>\n<p data-start=\"199\" data-end=\"383\">Masz wra\u017cenie, \u017ce Twoje CV ginie w t\u0142umie?<br data-start=\"241\" data-end=\"244\" \/>Aplikujesz, ale nie dostajesz zaprosze\u0144 na rozmowy?<br data-start=\"295\" data-end=\"298\" \/>Chcesz nauczy\u0107 si\u0119, jak efektywnie szuka\u0107 pracy i zwi\u0119kszy\u0107 swoje szanse na sukces?<\/p>\n<p data-start=\"385\" data-end=\"754\">Podczas <strong data-start=\"393\" data-end=\"428\">30-minutowej konsultacji online<\/strong> otrzymasz:<br data-start=\"439\" data-end=\"442\" \/>\ud83d\udd39 analiz\u0119 Twojego sposobu poszukiwania pracy,<br data-start=\"488\" data-end=\"491\" \/>\ud83d\udd39 praktyczne wskaz\u00f3wki, jak przygotowa\u0107 skuteczne CV i profil w sieci,<br data-start=\"562\" data-end=\"565\" \/>\ud83d\udd39 strategie dotarcia do ukrytego rynku pracy,<br data-start=\"611\" data-end=\"614\" \/>\ud83d\udd39 podpowiedzi, gdzie i jak szuka\u0107 ofert dopasowanych do Twoich kompetencji,<br data-start=\"690\" data-end=\"693\" \/>\ud83d\udd39 wskaz\u00f3wki, jak przygotowa\u0107 si\u0119 do rozm\u00f3w rekrutacyjnych.<\/p>\n<p data-start=\"756\" data-end=\"963\">Dzi\u0119ki konsultacji:<br data-start=\"775\" data-end=\"778\" \/>\u2728 nauczysz si\u0119 metod, kt\u00f3re realnie zwi\u0119kszaj\u0105 liczb\u0119 zaprosze\u0144 na rozmowy,<br data-start=\"853\" data-end=\"856\" \/>\u2728 zyskasz pewno\u015b\u0107 siebie w procesie rekrutacyjnym,<br data-start=\"906\" data-end=\"909\" \/>\u2728 dowiesz si\u0119, jak wyr\u00f3\u017cni\u0107 si\u0119 w oczach rekruter\u00f3w.<\/p>\n<p data-start=\"965\" data-end=\"1083\">\ud83d\udc49 Koszt: <strong data-start=\"975\" data-end=\"995\">50 z\u0142 \/ 30 minut<\/strong><br data-start=\"995\" data-end=\"998\" \/>\ud83d\udc49 Forma: spotkanie online \u2013 wygodnie, bez wychodzenia z domu.<\/p>\n<p data-start=\"1085\" data-end=\"1180\">Nie tra\u0107 czasu na nieskuteczne pr\u00f3by \u2013 <strong data-start=\"1124\" data-end=\"1178\">poznaj sprawdzone sposoby i znajd\u017a prac\u0119 szybciej!<\/strong><\/p>\n","protected":false},"excerpt":{"rendered":"<p>\u2705 Dowiedz si\u0119, jak szybciej znale\u017a\u0107 prac\u0119 i wyr\u00f3\u017cni\u0107 si\u0119 na tle innych kandydat\u00f3w! Masz wra\u017cenie, \u017ce Twoje CV ginie [&hellip;]<\/p>\n","protected":false},"featured_media":670,"comment_status":"open","ping_status":"closed","template":"","meta":{"site-sidebar-layout":"default","site-content-layout":"","ast-site-content-layout":"default","site-content-style":"default","site-sidebar-style":"default","ast-global-header-display":"","ast-banner-title-visibility":"","ast-main-header-display":"","ast-hfb-above-header-display":"","ast-hfb-below-header-display":"","ast-hfb-mobile-header-display":"","site-post-title":"","ast-breadcrumbs-content":"","ast-featured-img":"","footer-sml-layout":"","theme-transparent-header-meta":"default","adv-header-id-meta":"","stick-header-meta":"","header-above-stick-meta":"","header-main-stick-meta":"","header-below-stick-meta":"","astra-migrate-meta-layouts":"set","ast-page-background-enabled":"default","ast-page-background-meta":{"desktop":{"background-color":"var(--ast-global-color-5)","background-image":"","background-repeat":"repeat","background-position":"center center","background-size":"auto","background-attachment":"scroll","background-type":"","background-media":"","overlay-type":"","overlay-color":"","overlay-opacity":"","overlay-gradient":""},"tablet":{"background-color":"","background-image":"","background-repeat":"repeat","background-position":"center center","background-size":"auto","background-attachment":"scroll","background-type":"","background-media":"","overlay-type":"","overlay-color":"","overlay-opacity":"","overlay-gradient":""},"mobile":{"background-color":"","background-image":"","background-repeat":"repeat","background-position":"center center","background-size":"auto","background-attachment":"scroll","background-type":"","background-media":"","overlay-type":"","overlay-color":"","overlay-opacity":"","overlay-gradient":""}},"ast-content-background-meta":{"desktop":{"background-color":"var(--ast-global-color-4)","background-image":"","background-repeat":"repeat","background-position":"center center","background-size":"auto","background-attachment":"scroll","background-type":"","background-media":"","overlay-type":"","overlay-color":"","overlay-opacity":"","overlay-gradient":""},"tablet":{"background-color":"var(--ast-global-color-4)","background-image":"","background-repeat":"repeat","background-position":"center center","background-size":"auto","background-attachment":"scroll","background-type":"","background-media":"","overlay-type":"","overlay-color":"","overlay-opacity":"","overlay-gradient":""},"mobile":{"background-color":"var(--ast-global-color-4)","background-image":"","background-repeat":"repeat","background-position":"center center","background-size":"auto","background-attachment":"scroll","background-type":"","background-media":"","overlay-type":"","overlay-color":"","overlay-opacity":"","overlay-gradient":""}}},"product_brand":[],"product_cat":[23],"product_tag":[],"class_list":{"0":"post-171","1":"product","2":"type-product","3":"status-publish","4":"has-post-thumbnail","6":"product_cat-konsultacje","7":"desktop-align-center","8":"tablet-align-left","9":"mobile-align-left","11":"first","12":"instock","13":"virtual","14":"purchasable","15":"product-type-simple"},"jetpack_sharing_enabled":true,"_links":{"self":[{"href":"https:\/\/e-edukujemy.pl\/index.php?rest_route=\/wp\/v2\/product\/171","targetHints":{"allow":["GET"]}}],"collection":[{"href":"https:\/\/e-edukujemy.pl\/index.php?rest_route=\/wp\/v2\/product"}],"about":[{"href":"https:\/\/e-edukujemy.pl\/index.php?rest_route=\/wp\/v2\/types\/product"}],"replies":[{"embeddable":true,"href":"https:\/\/e-edukujemy.pl\/index.php?rest_route=%2Fwp%2Fv2%2Fcomments&post=171"}],"wp:featuredmedia":[{"embeddable":true,"href":"https:\/\/e-edukujemy.pl\/index.php?rest_route=\/wp\/v2\/media\/670"}],"wp:attachment":[{"href":"https:\/\/e-edukujemy.pl\/index.php?rest_route=%2Fwp%2Fv2%2Fmedia&parent=171"}],"wp:term":[{"taxonomy":"product_brand","embeddable":true,"href":"https:\/\/e-edukujemy.pl\/index.php?rest_route=%2Fwp%2Fv2%2Fproduct_brand&post=171"},{"taxonomy":"product_cat","embeddable":true,"href":"https:\/\/e-edukujemy.pl\/index.php?rest_route=%2Fwp%2Fv2%2Fproduct_cat&post=171"},{"taxonomy":"product_tag","embeddable":true,"href":"https:\/\/e-edukujemy.pl\/index.php?rest_route=%2Fwp%2Fv2%2Fproduct_tag&post=171"}],"curies":[{"name":"wp","href":"https:\/\/api.w.org\/{rel}","templated":true}]}}