{"id":170,"date":"2025-08-25T01:25:42","date_gmt":"2025-08-24T23:25:42","guid":{"rendered":"http:\/\/e-edukujemy.pl\/?product=plan-rozwoju-kariery-22"},"modified":"2025-09-04T19:54:34","modified_gmt":"2025-09-04T17:54:34","slug":"plan-rozwoju-kariery-22","status":"publish","type":"product","link":"https:\/\/e-edukujemy.pl\/?product=plan-rozwoju-kariery-22","title":{"rendered":"Plan rozwoju kariery"},"content":{"rendered":"<p data-start=\"117\" data-end=\"164\">\u2705 Zbuduj \u015bwiadomie swoj\u0105 przysz\u0142o\u015b\u0107 zawodow\u0105!<\/p>\n<p data-start=\"166\" data-end=\"372\">Masz poczucie, \u017ce stoisz w miejscu?<br data-start=\"201\" data-end=\"204\" \/>Chcesz rozwija\u0107 si\u0119 w obecnej pracy, awansowa\u0107 albo zdobywa\u0107 nowe kompetencje?<br data-start=\"282\" data-end=\"285\" \/>A mo\u017ce marzysz o tym, by Twoja kariera w ko\u0144cu zacz\u0119\u0142a pod\u0105\u017ca\u0107 w wymarzonym kierunku?<\/p>\n<p data-start=\"374\" data-end=\"768\">Podczas <strong data-start=\"382\" data-end=\"417\">60-minutowej konsultacji online<\/strong> otrzymasz:<br data-start=\"428\" data-end=\"431\" \/>\ud83d\udd39 analiz\u0119 Twojego dotychczasowego do\u015bwiadczenia i potencja\u0142u,<br data-start=\"493\" data-end=\"496\" \/>\ud83d\udd39 wskaz\u00f3wki, jak zaplanowa\u0107 kolejne kroki rozwoju zawodowego,<br data-start=\"558\" data-end=\"561\" \/>\ud83d\udd39 propozycje kurs\u00f3w, szkole\u0144 i dzia\u0142a\u0144 zwi\u0119kszaj\u0105cych Twoj\u0105 atrakcyjno\u015b\u0107 na rynku pracy,<br data-start=\"650\" data-end=\"653\" \/>\ud83d\udd39 strategie budowania marki osobistej i sieci kontakt\u00f3w,<br data-start=\"710\" data-end=\"713\" \/>\ud83d\udd39 indywidualne wsparcie dostosowane do Twoich cel\u00f3w.<\/p>\n<p data-start=\"770\" data-end=\"1036\">Dzi\u0119ki konsultacji:<br data-start=\"789\" data-end=\"792\" \/>\u2728 zyskasz jasny plan rozwoju kariery krok po kroku,<br data-start=\"843\" data-end=\"846\" \/>\u2728 odkryjesz mo\u017cliwo\u015bci awansu lub zmiany stanowiska w obecnej bran\u017cy,<br data-start=\"915\" data-end=\"918\" \/>\u2728 dowiesz si\u0119, jak wyr\u00f3\u017cni\u0107 si\u0119 w oczach pracodawc\u00f3w,<br data-start=\"971\" data-end=\"974\" \/>\u2728 poczujesz wi\u0119ksz\u0105 pewno\u015b\u0107 siebie i motywacj\u0119 do dzia\u0142ania.<\/p>\n<p data-start=\"1038\" data-end=\"1157\">\ud83d\udc49 Koszt: <strong data-start=\"1048\" data-end=\"1069\">100 z\u0142 \/ 60 minut<\/strong><br data-start=\"1069\" data-end=\"1072\" \/>\ud83d\udc49 Forma: spotkanie online \u2013 wygodnie, bez wychodzenia z domu.<\/p>\n<p data-start=\"1159\" data-end=\"1266\">Nie zostawiaj swojej kariery przypadkowi \u2013 <strong data-start=\"1202\" data-end=\"1264\">zainwestuj w siebie i \u015bwiadomie zaplanuj swoj\u0105 przysz\u0142o\u015b\u0107!<\/strong><\/p>\n","protected":false},"excerpt":{"rendered":"<p>\u2705 Zbuduj \u015bwiadomie swoj\u0105 przysz\u0142o\u015b\u0107 zawodow\u0105! Masz poczucie, \u017ce stoisz w miejscu?Chcesz rozwija\u0107 si\u0119 w obecnej pracy, awansowa\u0107 albo zdobywa\u0107 [&hellip;]<\/p>\n","protected":false},"featured_media":654,"comment_status":"open","ping_status":"closed","template":"","meta":{"site-sidebar-layout":"default","site-content-layout":"","ast-site-content-layout":"default","site-content-style":"default","site-sidebar-style":"default","ast-global-header-display":"","ast-banner-title-visibility":"","ast-main-header-display":"","ast-hfb-above-header-display":"","ast-hfb-below-header-display":"","ast-hfb-mobile-header-display":"","site-post-title":"","ast-breadcrumbs-content":"","ast-featured-img":"","footer-sml-layout":"","theme-transparent-header-meta":"default","adv-header-id-meta":"","stick-header-meta":"","header-above-stick-meta":"","header-main-stick-meta":"","header-below-stick-meta":"","astra-migrate-meta-layouts":"set","ast-page-background-enabled":"default","ast-page-background-meta":{"desktop":{"background-color":"var(--ast-global-color-5)","background-image":"","background-repeat":"repeat","background-position":"center center","background-size":"auto","background-attachment":"scroll","background-type":"","background-media":"","overlay-type":"","overlay-color":"","overlay-opacity":"","overlay-gradient":""},"tablet":{"background-color":"","background-image":"","background-repeat":"repeat","background-position":"center center","background-size":"auto","background-attachment":"scroll","background-type":"","background-media":"","overlay-type":"","overlay-color":"","overlay-opacity":"","overlay-gradient":""},"mobile":{"background-color":"","background-image":"","background-repeat":"repeat","background-position":"center center","background-size":"auto","background-attachment":"scroll","background-type":"","background-media":"","overlay-type":"","overlay-color":"","overlay-opacity":"","overlay-gradient":""}},"ast-content-background-meta":{"desktop":{"background-color":"var(--ast-global-color-4)","background-image":"","background-repeat":"repeat","background-position":"center center","background-size":"auto","background-attachment":"scroll","background-type":"","background-media":"","overlay-type":"","overlay-color":"","overlay-opacity":"","overlay-gradient":""},"tablet":{"background-color":"var(--ast-global-color-4)","background-image":"","background-repeat":"repeat","background-position":"center center","background-size":"auto","background-attachment":"scroll","background-type":"","background-media":"","overlay-type":"","overlay-color":"","overlay-opacity":"","overlay-gradient":""},"mobile":{"background-color":"var(--ast-global-color-4)","background-image":"","background-repeat":"repeat","background-position":"center center","background-size":"auto","background-attachment":"scroll","background-type":"","background-media":"","overlay-type":"","overlay-color":"","overlay-opacity":"","overlay-gradient":""}}},"product_brand":[],"product_cat":[23],"product_tag":[],"class_list":{"0":"post-170","1":"product","2":"type-product","3":"status-publish","4":"has-post-thumbnail","6":"product_cat-konsultacje","7":"desktop-align-center","8":"tablet-align-left","9":"mobile-align-left","11":"first","12":"instock","13":"virtual","14":"purchasable","15":"product-type-simple"},"jetpack_sharing_enabled":true,"_links":{"self":[{"href":"https:\/\/e-edukujemy.pl\/index.php?rest_route=\/wp\/v2\/product\/170","targetHints":{"allow":["GET"]}}],"collection":[{"href":"https:\/\/e-edukujemy.pl\/index.php?rest_route=\/wp\/v2\/product"}],"about":[{"href":"https:\/\/e-edukujemy.pl\/index.php?rest_route=\/wp\/v2\/types\/product"}],"replies":[{"embeddable":true,"href":"https:\/\/e-edukujemy.pl\/index.php?rest_route=%2Fwp%2Fv2%2Fcomments&post=170"}],"wp:featuredmedia":[{"embeddable":true,"href":"https:\/\/e-edukujemy.pl\/index.php?rest_route=\/wp\/v2\/media\/654"}],"wp:attachment":[{"href":"https:\/\/e-edukujemy.pl\/index.php?rest_route=%2Fwp%2Fv2%2Fmedia&parent=170"}],"wp:term":[{"taxonomy":"product_brand","embeddable":true,"href":"https:\/\/e-edukujemy.pl\/index.php?rest_route=%2Fwp%2Fv2%2Fproduct_brand&post=170"},{"taxonomy":"product_cat","embeddable":true,"href":"https:\/\/e-edukujemy.pl\/index.php?rest_route=%2Fwp%2Fv2%2Fproduct_cat&post=170"},{"taxonomy":"product_tag","embeddable":true,"href":"https:\/\/e-edukujemy.pl\/index.php?rest_route=%2Fwp%2Fv2%2Fproduct_tag&post=170"}],"curies":[{"name":"wp","href":"https:\/\/api.w.org\/{rel}","templated":true}]}}