{"id":165,"date":"2025-08-25T01:25:41","date_gmt":"2025-08-24T23:25:41","guid":{"rendered":"http:\/\/e-edukujemy.pl\/?product=plan-przebranzowienia-online"},"modified":"2025-09-04T19:55:12","modified_gmt":"2025-09-04T17:55:12","slug":"plan-przebranzowienia-online","status":"publish","type":"product","link":"https:\/\/e-edukujemy.pl\/?product=plan-przebranzowienia-online","title":{"rendered":"Plan przebran\u017cowienia"},"content":{"rendered":"<ul data-start=\"1162\" data-end=\"1315\">\n<li data-start=\"1247\" data-end=\"1315\">\n<p data-start=\"115\" data-end=\"170\">\u2705 Zmie\u0144 zaw\u00f3d lub miejsce pracy \u015bwiadomie i z planem!<\/p>\n<p data-start=\"172\" data-end=\"342\">Marzysz o nowej \u015bcie\u017cce kariery, ale nie wiesz, od czego zacz\u0105\u0107?<br data-start=\"236\" data-end=\"239\" \/>Czujesz, \u017ce obecna praca nie daje Ci satysfakcji lub chcesz wej\u015b\u0107 w bran\u017c\u0119 z wi\u0119kszymi perspektywami?<\/p>\n<p data-start=\"344\" data-end=\"733\">Podczas <strong data-start=\"352\" data-end=\"387\">60-minutowej konsultacji online<\/strong> otrzymasz:<br data-start=\"398\" data-end=\"401\" \/>\ud83d\udd39 analiz\u0119 Twoich mocnych stron, do\u015bwiadcze\u0144 i preferencji zawodowych,<br data-start=\"471\" data-end=\"474\" \/>\ud83d\udd39 wskaz\u00f3wki, jak zaplanowa\u0107 bezpieczn\u0105 i skuteczn\u0105 zmian\u0119 zawodu,<br data-start=\"540\" data-end=\"543\" \/>\ud83d\udd39 pomys\u0142y na bran\u017ce i stanowiska dopasowane do Twojego profilu,<br data-start=\"607\" data-end=\"610\" \/>\ud83d\udd39 praktyczne narz\u0119dzia i \u0107wiczenia, kt\u00f3re pomog\u0105 Ci podj\u0105\u0107 decyzj\u0119,<br data-start=\"678\" data-end=\"681\" \/>\ud83d\udd39 indywidualne wsparcie \u2013 bez gotowych schemat\u00f3w.<\/p>\n<p data-start=\"735\" data-end=\"959\">Dzi\u0119ki konsultacji:<br data-start=\"754\" data-end=\"757\" \/>\u2728 zyskasz jasny plan przebran\u017cowienia krok po kroku,<br data-start=\"809\" data-end=\"812\" \/>\u2728 dowiesz si\u0119, jak uzupe\u0142ni\u0107 swoje kompetencje, by zwi\u0119kszy\u0107 szanse na now\u0105 prac\u0119,<br data-start=\"894\" data-end=\"897\" \/>\u2728 poczujesz wi\u0119ksz\u0105 pewno\u015b\u0107 siebie i motywacj\u0119 do dzia\u0142ania.<\/p>\n<p data-start=\"961\" data-end=\"1080\">\ud83d\udc49 Koszt: <strong data-start=\"971\" data-end=\"992\">100 z\u0142 \/ 60 minut<\/strong><br data-start=\"992\" data-end=\"995\" \/>\ud83d\udc49 Forma: spotkanie online \u2013 wygodnie, bez wychodzenia z domu.<\/p>\n<p data-start=\"1082\" data-end=\"1169\">Nie odk\u0142adaj zmiany na p\u00f3\u017aniej \u2013 <strong data-start=\"1115\" data-end=\"1167\">zainwestuj w swoj\u0105 przysz\u0142o\u015b\u0107 zawodow\u0105 ju\u017c dzi\u015b!<\/strong><\/p>\n<p data-start=\"1249\" data-end=\"1315\">\n<\/li>\n<\/ul>\n","protected":false},"excerpt":{"rendered":"<p>\u2705 Zmie\u0144 zaw\u00f3d lub miejsce pracy \u015bwiadomie i z planem! Marzysz o nowej \u015bcie\u017cce kariery, ale nie wiesz, od czego [&hellip;]<\/p>\n","protected":false},"featured_media":655,"comment_status":"open","ping_status":"closed","template":"","meta":{"site-sidebar-layout":"default","site-content-layout":"","ast-site-content-layout":"default","site-content-style":"default","site-sidebar-style":"default","ast-global-header-display":"","ast-banner-title-visibility":"","ast-main-header-display":"","ast-hfb-above-header-display":"","ast-hfb-below-header-display":"","ast-hfb-mobile-header-display":"","site-post-title":"","ast-breadcrumbs-content":"","ast-featured-img":"","footer-sml-layout":"","theme-transparent-header-meta":"default","adv-header-id-meta":"","stick-header-meta":"","header-above-stick-meta":"","header-main-stick-meta":"","header-below-stick-meta":"","astra-migrate-meta-layouts":"set","ast-page-background-enabled":"default","ast-page-background-meta":{"desktop":{"background-color":"var(--ast-global-color-5)","background-image":"","background-repeat":"repeat","background-position":"center center","background-size":"auto","background-attachment":"scroll","background-type":"","background-media":"","overlay-type":"","overlay-color":"","overlay-opacity":"","overlay-gradient":""},"tablet":{"background-color":"","background-image":"","background-repeat":"repeat","background-position":"center center","background-size":"auto","background-attachment":"scroll","background-type":"","background-media":"","overlay-type":"","overlay-color":"","overlay-opacity":"","overlay-gradient":""},"mobile":{"background-color":"","background-image":"","background-repeat":"repeat","background-position":"center center","background-size":"auto","background-attachment":"scroll","background-type":"","background-media":"","overlay-type":"","overlay-color":"","overlay-opacity":"","overlay-gradient":""}},"ast-content-background-meta":{"desktop":{"background-color":"var(--ast-global-color-4)","background-image":"","background-repeat":"repeat","background-position":"center center","background-size":"auto","background-attachment":"scroll","background-type":"","background-media":"","overlay-type":"","overlay-color":"","overlay-opacity":"","overlay-gradient":""},"tablet":{"background-color":"var(--ast-global-color-4)","background-image":"","background-repeat":"repeat","background-position":"center center","background-size":"auto","background-attachment":"scroll","background-type":"","background-media":"","overlay-type":"","overlay-color":"","overlay-opacity":"","overlay-gradient":""},"mobile":{"background-color":"var(--ast-global-color-4)","background-image":"","background-repeat":"repeat","background-position":"center center","background-size":"auto","background-attachment":"scroll","background-type":"","background-media":"","overlay-type":"","overlay-color":"","overlay-opacity":"","overlay-gradient":""}}},"product_brand":[],"product_cat":[23],"product_tag":[],"class_list":{"0":"post-165","1":"product","2":"type-product","3":"status-publish","4":"has-post-thumbnail","6":"product_cat-konsultacje","7":"desktop-align-center","8":"tablet-align-left","9":"mobile-align-left","11":"first","12":"instock","13":"virtual","14":"purchasable","15":"product-type-simple"},"jetpack_sharing_enabled":true,"_links":{"self":[{"href":"https:\/\/e-edukujemy.pl\/index.php?rest_route=\/wp\/v2\/product\/165","targetHints":{"allow":["GET"]}}],"collection":[{"href":"https:\/\/e-edukujemy.pl\/index.php?rest_route=\/wp\/v2\/product"}],"about":[{"href":"https:\/\/e-edukujemy.pl\/index.php?rest_route=\/wp\/v2\/types\/product"}],"replies":[{"embeddable":true,"href":"https:\/\/e-edukujemy.pl\/index.php?rest_route=%2Fwp%2Fv2%2Fcomments&post=165"}],"wp:featuredmedia":[{"embeddable":true,"href":"https:\/\/e-edukujemy.pl\/index.php?rest_route=\/wp\/v2\/media\/655"}],"wp:attachment":[{"href":"https:\/\/e-edukujemy.pl\/index.php?rest_route=%2Fwp%2Fv2%2Fmedia&parent=165"}],"wp:term":[{"taxonomy":"product_brand","embeddable":true,"href":"https:\/\/e-edukujemy.pl\/index.php?rest_route=%2Fwp%2Fv2%2Fproduct_brand&post=165"},{"taxonomy":"product_cat","embeddable":true,"href":"https:\/\/e-edukujemy.pl\/index.php?rest_route=%2Fwp%2Fv2%2Fproduct_cat&post=165"},{"taxonomy":"product_tag","embeddable":true,"href":"https:\/\/e-edukujemy.pl\/index.php?rest_route=%2Fwp%2Fv2%2Fproduct_tag&post=165"}],"curies":[{"name":"wp","href":"https:\/\/api.w.org\/{rel}","templated":true}]}}