{"id":153,"date":"2025-08-25T01:25:40","date_gmt":"2025-08-24T23:25:40","guid":{"rendered":"http:\/\/e-edukujemy.pl\/?product=mentoring-zawodowy-45-min"},"modified":"2025-09-04T19:57:02","modified_gmt":"2025-09-04T17:57:02","slug":"mentoring-zawodowy-45-min","status":"publish","type":"product","link":"https:\/\/e-edukujemy.pl\/?product=mentoring-zawodowy-45-min","title":{"rendered":"Mentoring zawodowy"},"content":{"rendered":"<p data-start=\"133\" data-end=\"197\">\u2705 Rozwijaj si\u0119 z pomoc\u0105 mentora i osi\u0105gaj swoje cele zawodowe!<\/p>\n<p data-start=\"199\" data-end=\"492\">Czujesz, \u017ce samodzielnie trudno Ci zaplanowa\u0107 kolejne kroki w karierze?<br data-start=\"270\" data-end=\"273\" \/>Potrzebujesz kogo\u015b, kto podzieli si\u0119 do\u015bwiadczeniem, doradzi i zmotywuje do dzia\u0142ania?<br data-start=\"359\" data-end=\"362\" \/>Mentoring zawodowy to proces, w kt\u00f3rym otrzymujesz <strong data-start=\"413\" data-end=\"449\">regularne, indywidualne wsparcie<\/strong> \u2013 dopasowane do Twojej sytuacji i cel\u00f3w.<\/p>\n<p data-start=\"494\" data-end=\"799\">Podczas sesji mentoringowych:<br data-start=\"523\" data-end=\"526\" \/>\ud83d\udd39 przeanalizujemy Twoje mocne i s\u0142abe strony,<br data-start=\"572\" data-end=\"575\" \/>\ud83d\udd39 okre\u015blimy cele zawodowe i strategi\u0119 ich realizacji,<br data-start=\"629\" data-end=\"632\" \/>\ud83d\udd39 przygotujemy plan dzia\u0142a\u0144 krok po kroku,<br data-start=\"675\" data-end=\"678\" \/>\ud83d\udd39 nauczysz si\u0119, jak \u015bwiadomie budowa\u0107 swoj\u0105 \u015bcie\u017ck\u0119 kariery,<br data-start=\"739\" data-end=\"742\" \/>\ud83d\udd39 otrzymasz motywacj\u0119 i wsparcie w trudnych momentach.<\/p>\n<p data-start=\"801\" data-end=\"1070\">Mentoring to co\u015b wi\u0119cej ni\u017c jednorazowa konsultacja \u2013 to <strong data-start=\"858\" data-end=\"883\">partnerska wsp\u00f3\u0142praca<\/strong>, kt\u00f3ra daje Ci:<br data-start=\"899\" data-end=\"902\" \/>\u2728 jasn\u0105 wizj\u0119 rozwoju,<br data-start=\"924\" data-end=\"927\" \/>\u2728 dost\u0119p do wiedzy i do\u015bwiadczenia mentora,<br data-start=\"970\" data-end=\"973\" \/>\u2728 wi\u0119ksz\u0105 pewno\u015b\u0107 siebie w podejmowaniu decyzji,<br data-start=\"1021\" data-end=\"1024\" \/>\u2728 realne efekty dzi\u0119ki systematycznej pracy.<\/p>\n<p data-start=\"1072\" data-end=\"1156\">\ud83d\udc49 Koszt: <strong data-start=\"1082\" data-end=\"1103\">100 z\u0142 \/ 60 minut<\/strong><br data-start=\"1103\" data-end=\"1106\" \/>\ud83d\udc49 Forma: spotkanie online<\/p>\n<p data-start=\"1158\" data-end=\"1247\">Zainwestuj w siebie i swoj\u0105 przysz\u0142o\u015b\u0107 \u2013 <strong data-start=\"1199\" data-end=\"1245\">zacznij budowa\u0107 karier\u0119 z mentorem u boku!<\/strong><\/p>\n","protected":false},"excerpt":{"rendered":"<p>\u2705 Rozwijaj si\u0119 z pomoc\u0105 mentora i osi\u0105gaj swoje cele zawodowe! Czujesz, \u017ce samodzielnie trudno Ci zaplanowa\u0107 kolejne kroki w [&hellip;]<\/p>\n","protected":false},"featured_media":583,"comment_status":"open","ping_status":"closed","template":"","meta":{"site-sidebar-layout":"default","site-content-layout":"","ast-site-content-layout":"default","site-content-style":"default","site-sidebar-style":"default","ast-global-header-display":"","ast-banner-title-visibility":"","ast-main-header-display":"","ast-hfb-above-header-display":"","ast-hfb-below-header-display":"","ast-hfb-mobile-header-display":"","site-post-title":"","ast-breadcrumbs-content":"","ast-featured-img":"","footer-sml-layout":"","theme-transparent-header-meta":"default","adv-header-id-meta":"","stick-header-meta":"","header-above-stick-meta":"","header-main-stick-meta":"","header-below-stick-meta":"","astra-migrate-meta-layouts":"set","ast-page-background-enabled":"default","ast-page-background-meta":{"desktop":{"background-color":"var(--ast-global-color-5)","background-image":"","background-repeat":"repeat","background-position":"center center","background-size":"auto","background-attachment":"scroll","background-type":"","background-media":"","overlay-type":"","overlay-color":"","overlay-opacity":"","overlay-gradient":""},"tablet":{"background-color":"","background-image":"","background-repeat":"repeat","background-position":"center center","background-size":"auto","background-attachment":"scroll","background-type":"","background-media":"","overlay-type":"","overlay-color":"","overlay-opacity":"","overlay-gradient":""},"mobile":{"background-color":"","background-image":"","background-repeat":"repeat","background-position":"center center","background-size":"auto","background-attachment":"scroll","background-type":"","background-media":"","overlay-type":"","overlay-color":"","overlay-opacity":"","overlay-gradient":""}},"ast-content-background-meta":{"desktop":{"background-color":"var(--ast-global-color-4)","background-image":"","background-repeat":"repeat","background-position":"center center","background-size":"auto","background-attachment":"scroll","background-type":"","background-media":"","overlay-type":"","overlay-color":"","overlay-opacity":"","overlay-gradient":""},"tablet":{"background-color":"var(--ast-global-color-4)","background-image":"","background-repeat":"repeat","background-position":"center center","background-size":"auto","background-attachment":"scroll","background-type":"","background-media":"","overlay-type":"","overlay-color":"","overlay-opacity":"","overlay-gradient":""},"mobile":{"background-color":"var(--ast-global-color-4)","background-image":"","background-repeat":"repeat","background-position":"center center","background-size":"auto","background-attachment":"scroll","background-type":"","background-media":"","overlay-type":"","overlay-color":"","overlay-opacity":"","overlay-gradient":""}}},"product_brand":[],"product_cat":[23],"product_tag":[],"class_list":{"0":"post-153","1":"product","2":"type-product","3":"status-publish","4":"has-post-thumbnail","6":"product_cat-konsultacje","7":"desktop-align-center","8":"tablet-align-left","9":"mobile-align-left","11":"first","12":"instock","13":"virtual","14":"purchasable","15":"product-type-simple"},"jetpack_sharing_enabled":true,"_links":{"self":[{"href":"https:\/\/e-edukujemy.pl\/index.php?rest_route=\/wp\/v2\/product\/153","targetHints":{"allow":["GET"]}}],"collection":[{"href":"https:\/\/e-edukujemy.pl\/index.php?rest_route=\/wp\/v2\/product"}],"about":[{"href":"https:\/\/e-edukujemy.pl\/index.php?rest_route=\/wp\/v2\/types\/product"}],"replies":[{"embeddable":true,"href":"https:\/\/e-edukujemy.pl\/index.php?rest_route=%2Fwp%2Fv2%2Fcomments&post=153"}],"wp:featuredmedia":[{"embeddable":true,"href":"https:\/\/e-edukujemy.pl\/index.php?rest_route=\/wp\/v2\/media\/583"}],"wp:attachment":[{"href":"https:\/\/e-edukujemy.pl\/index.php?rest_route=%2Fwp%2Fv2%2Fmedia&parent=153"}],"wp:term":[{"taxonomy":"product_brand","embeddable":true,"href":"https:\/\/e-edukujemy.pl\/index.php?rest_route=%2Fwp%2Fv2%2Fproduct_brand&post=153"},{"taxonomy":"product_cat","embeddable":true,"href":"https:\/\/e-edukujemy.pl\/index.php?rest_route=%2Fwp%2Fv2%2Fproduct_cat&post=153"},{"taxonomy":"product_tag","embeddable":true,"href":"https:\/\/e-edukujemy.pl\/index.php?rest_route=%2Fwp%2Fv2%2Fproduct_tag&post=153"}],"curies":[{"name":"wp","href":"https:\/\/api.w.org\/{rel}","templated":true}]}}