{"id":791,"date":"2025-09-04T22:28:26","date_gmt":"2025-09-04T20:28:26","guid":{"rendered":"https:\/\/e-edukujemy.pl\/?page_id=791"},"modified":"2025-09-30T23:25:12","modified_gmt":"2025-09-30T21:25:12","slug":"main","status":"publish","type":"page","link":"https:\/\/e-edukujemy.pl\/","title":{"rendered":"Co nowego?"},"content":{"rendered":"\n<header class=\"wp-block-cover alignfull has-custom-content-position is-position-top-center has-ast-global-color-6-color has-text-color has-link-color wp-elements-160f965753e350138af9ac96392d2476 has-aspect-ratio wp-duotone-unset-1\" style=\"border-style:none;border-width:0px;border-radius:100px;margin-top:0;margin-bottom:0;padding-top:var(--wp--preset--spacing--80);padding-right:var(--wp--preset--spacing--80);padding-bottom:var(--wp--preset--spacing--80);padding-left:var(--wp--preset--spacing--80);aspect-ratio:1;min-height:unset;\"><span aria-hidden=\"true\" class=\"wp-block-cover__background has-background-dim-100 has-background-dim has-background-gradient\" style=\"background:linear-gradient(0deg,rgb(139,195,182) 35%,rgba(138,194,181,0) 100%)\"><\/span><div class=\"wp-block-cover__inner-container is-layout-flow wp-container-core-cover-is-layout-17d9ecce wp-block-cover-is-layout-flow\">\n<div class=\"wp-block-group is-vertical is-layout-flex wp-container-core-group-is-layout-fe9cc265 wp-block-group-is-layout-flex\">\n<h2 class=\"wp-block-heading\">Witaj, szanowny kliencie! <\/h2>\n<\/div>\n\n\n\n<div class=\"wp-block-jetpack-slideshow aligncenter\" data-autoplay=\"true\" data-delay=\"5\" data-effect=\"fade\" style=\"--aspect-ratio:calc(1024 \/ 240)\"><div class=\"wp-block-jetpack-slideshow_container swiper\"><ul class=\"wp-block-jetpack-slideshow_swiper-wrapper swiper-wrapper\"><li class=\"wp-block-jetpack-slideshow_slide swiper-slide\"><figure><img loading=\"lazy\" decoding=\"async\" width=\"1024\" height=\"240\" alt=\"\" class=\"wp-block-jetpack-slideshow_image wp-image-691\" data-id=\"691\" data-aspect-ratio=\"1024 \/ 240\" src=\"http:\/\/e-edukujemy.pl\/wp-content\/uploads\/2025\/09\/webinary-i-materialy-edukacyjne-2560-x-200-px-1024x240.png\" srcset=\"https:\/\/e-edukujemy.pl\/wp-content\/uploads\/2025\/09\/webinary-i-materialy-edukacyjne-2560-x-200-px-1024x240.png 1024w, https:\/\/e-edukujemy.pl\/wp-content\/uploads\/2025\/09\/webinary-i-materialy-edukacyjne-2560-x-200-px-300x70.png 300w, https:\/\/e-edukujemy.pl\/wp-content\/uploads\/2025\/09\/webinary-i-materialy-edukacyjne-2560-x-200-px-768x180.png 768w, https:\/\/e-edukujemy.pl\/wp-content\/uploads\/2025\/09\/webinary-i-materialy-edukacyjne-2560-x-200-px-1536x360.png 1536w, https:\/\/e-edukujemy.pl\/wp-content\/uploads\/2025\/09\/webinary-i-materialy-edukacyjne-2560-x-200-px-2048x480.png 2048w, https:\/\/e-edukujemy.pl\/wp-content\/uploads\/2025\/09\/webinary-i-materialy-edukacyjne-2560-x-200-px-1320x309.png 1320w, https:\/\/e-edukujemy.pl\/wp-content\/uploads\/2025\/09\/webinary-i-materialy-edukacyjne-2560-x-200-px-600x141.png 600w\" sizes=\"(max-width: 1024px) 100vw, 1024px\" \/><\/figure><\/li><li class=\"wp-block-jetpack-slideshow_slide swiper-slide\"><figure><img loading=\"lazy\" decoding=\"async\" width=\"1024\" height=\"240\" alt=\"\" class=\"wp-block-jetpack-slideshow_image wp-image-847\" data-id=\"847\" data-aspect-ratio=\"1024 \/ 240\" src=\"http:\/\/e-edukujemy.pl\/wp-content\/uploads\/2025\/09\/Realizacja-doradztwa-zawodowego-na-lekcjach-przedmiotowych-1-1-1024x240.png\" srcset=\"https:\/\/e-edukujemy.pl\/wp-content\/uploads\/2025\/09\/Realizacja-doradztwa-zawodowego-na-lekcjach-przedmiotowych-1-1-1024x240.png 1024w, https:\/\/e-edukujemy.pl\/wp-content\/uploads\/2025\/09\/Realizacja-doradztwa-zawodowego-na-lekcjach-przedmiotowych-1-1-300x70.png 300w, https:\/\/e-edukujemy.pl\/wp-content\/uploads\/2025\/09\/Realizacja-doradztwa-zawodowego-na-lekcjach-przedmiotowych-1-1-768x180.png 768w, https:\/\/e-edukujemy.pl\/wp-content\/uploads\/2025\/09\/Realizacja-doradztwa-zawodowego-na-lekcjach-przedmiotowych-1-1-1536x360.png 1536w, https:\/\/e-edukujemy.pl\/wp-content\/uploads\/2025\/09\/Realizacja-doradztwa-zawodowego-na-lekcjach-przedmiotowych-1-1-2048x480.png 2048w, https:\/\/e-edukujemy.pl\/wp-content\/uploads\/2025\/09\/Realizacja-doradztwa-zawodowego-na-lekcjach-przedmiotowych-1-1-1320x309.png 1320w, https:\/\/e-edukujemy.pl\/wp-content\/uploads\/2025\/09\/Realizacja-doradztwa-zawodowego-na-lekcjach-przedmiotowych-1-1-600x141.png 600w\" sizes=\"(max-width: 1024px) 100vw, 1024px\" \/><\/figure><\/li><li class=\"wp-block-jetpack-slideshow_slide swiper-slide\"><figure><img loading=\"lazy\" decoding=\"async\" width=\"1024\" height=\"240\" alt=\"\" class=\"wp-block-jetpack-slideshow_image wp-image-846\" data-id=\"846\" data-aspect-ratio=\"1024 \/ 240\" src=\"http:\/\/e-edukujemy.pl\/wp-content\/uploads\/2025\/09\/Gry-i-zabawy-JPJO-1-1-1024x240.png\" srcset=\"https:\/\/e-edukujemy.pl\/wp-content\/uploads\/2025\/09\/Gry-i-zabawy-JPJO-1-1-1024x240.png 1024w, https:\/\/e-edukujemy.pl\/wp-content\/uploads\/2025\/09\/Gry-i-zabawy-JPJO-1-1-300x70.png 300w, https:\/\/e-edukujemy.pl\/wp-content\/uploads\/2025\/09\/Gry-i-zabawy-JPJO-1-1-768x180.png 768w, https:\/\/e-edukujemy.pl\/wp-content\/uploads\/2025\/09\/Gry-i-zabawy-JPJO-1-1-1536x360.png 1536w, https:\/\/e-edukujemy.pl\/wp-content\/uploads\/2025\/09\/Gry-i-zabawy-JPJO-1-1-2048x480.png 2048w, https:\/\/e-edukujemy.pl\/wp-content\/uploads\/2025\/09\/Gry-i-zabawy-JPJO-1-1-1320x309.png 1320w, https:\/\/e-edukujemy.pl\/wp-content\/uploads\/2025\/09\/Gry-i-zabawy-JPJO-1-1-600x141.png 600w\" sizes=\"(max-width: 1024px) 100vw, 1024px\" \/><\/figure><\/li><\/ul><a class=\"wp-block-jetpack-slideshow_button-prev swiper-button-prev swiper-button-white\" role=\"button\"><\/a><a class=\"wp-block-jetpack-slideshow_button-next swiper-button-next swiper-button-white\" role=\"button\"><\/a><a aria-label=\"Pause Slideshow\" class=\"wp-block-jetpack-slideshow_button-pause\" role=\"button\"><\/a><div class=\"wp-block-jetpack-slideshow_pagination swiper-pagination swiper-pagination-white\"><\/div><\/div><\/div>\n\n\n\n<figure class=\"wp-block-image alignleft size-full is-resized\"><img loading=\"lazy\" decoding=\"async\" width=\"491\" height=\"618\" src=\"https:\/\/e-edukujemy.pl\/wp-content\/uploads\/2025\/09\/Layer-26.png\" alt=\"\" class=\"wp-image-754\" style=\"width:331px;height:auto\" srcset=\"https:\/\/e-edukujemy.pl\/wp-content\/uploads\/2025\/09\/Layer-26.png 491w, https:\/\/e-edukujemy.pl\/wp-content\/uploads\/2025\/09\/Layer-26-238x300.png 238w\" sizes=\"auto, (max-width: 491px) 100vw, 491px\" \/><\/figure>\n\n\n\n<figure class=\"wp-block-image alignright size-full is-resized\"><img loading=\"lazy\" decoding=\"async\" width=\"504\" height=\"682\" src=\"https:\/\/e-edukujemy.pl\/wp-content\/uploads\/2025\/09\/Layer-13.png\" alt=\"\" class=\"wp-image-741\" style=\"width:312px;height:auto\" srcset=\"https:\/\/e-edukujemy.pl\/wp-content\/uploads\/2025\/09\/Layer-13.png 504w, https:\/\/e-edukujemy.pl\/wp-content\/uploads\/2025\/09\/Layer-13-222x300.png 222w\" sizes=\"auto, (max-width: 504px) 100vw, 504px\" \/><\/figure>\n\n\n  \n  \n  <div class=\"\n    mailpoet_form_popup_overlay\n      \"><\/div>\n  <div\n    id=\"mailpoet_form_1\"\n    class=\"\n      mailpoet_form\n      mailpoet_form_html\n      mailpoet_form_position_\n      mailpoet_form_animation_\n    \"\n      >\n\n    <style type=\"text\/css\">\n     #mailpoet_form_1 .mailpoet_form {  }\n#mailpoet_form_1 form { margin-bottom: 0; }\n#mailpoet_form_1 p.mailpoet_form_paragraph.last { margin-bottom: 0px; }\n#mailpoet_form_1 h2.mailpoet-heading { margin: -10px 0 10px 0; }\n#mailpoet_form_1 .mailpoet_column_with_background { padding: 10px; }\n#mailpoet_form_1 .mailpoet_form_column:not(:first-child) { margin-left: 20px; }\n#mailpoet_form_1 .mailpoet_paragraph { line-height: 20px; margin-bottom: 20px; }\n#mailpoet_form_1 .mailpoet_segment_label, #mailpoet_form_1 .mailpoet_text_label, #mailpoet_form_1 .mailpoet_textarea_label, #mailpoet_form_1 .mailpoet_select_label, #mailpoet_form_1 .mailpoet_radio_label, #mailpoet_form_1 .mailpoet_checkbox_label, #mailpoet_form_1 .mailpoet_list_label, #mailpoet_form_1 .mailpoet_date_label { display: block; font-weight: normal; }\n#mailpoet_form_1 .mailpoet_text, #mailpoet_form_1 .mailpoet_textarea, #mailpoet_form_1 .mailpoet_select, #mailpoet_form_1 .mailpoet_date_month, #mailpoet_form_1 .mailpoet_date_day, #mailpoet_form_1 .mailpoet_date_year, #mailpoet_form_1 .mailpoet_date { display: block; }\n#mailpoet_form_1 .mailpoet_text, #mailpoet_form_1 .mailpoet_textarea { width: 200px; }\n#mailpoet_form_1 .mailpoet_checkbox {  }\n#mailpoet_form_1 .mailpoet_submit {  }\n#mailpoet_form_1 .mailpoet_divider {  }\n#mailpoet_form_1 .mailpoet_message {  }\n#mailpoet_form_1 .mailpoet_form_loading { width: 30px; text-align: center; line-height: normal; }\n#mailpoet_form_1 .mailpoet_form_loading > span { width: 5px; height: 5px; background-color: #5b5b5b; }#mailpoet_form_1{border-radius: 24px;background: #9ed3c6;color: #ffffff;text-align: left;}#mailpoet_form_1 form.mailpoet_form {padding: 40px;}#mailpoet_form_1{width: 100%;}#mailpoet_form_1 .mailpoet_message {margin: 0; padding: 0 20px;}\n        #mailpoet_form_1 .mailpoet_validate_success {color: #00d084}\n        #mailpoet_form_1 input.parsley-success {color: #00d084}\n        #mailpoet_form_1 select.parsley-success {color: #00d084}\n        #mailpoet_form_1 textarea.parsley-success {color: #00d084}\n      \n        #mailpoet_form_1 .mailpoet_validate_error {color: #cf2e2e}\n        #mailpoet_form_1 input.parsley-error {color: #cf2e2e}\n        #mailpoet_form_1 select.parsley-error {color: #cf2e2e}\n        #mailpoet_form_1 textarea.textarea.parsley-error {color: #cf2e2e}\n        #mailpoet_form_1 .parsley-errors-list {color: #cf2e2e}\n        #mailpoet_form_1 .parsley-required {color: #cf2e2e}\n        #mailpoet_form_1 .parsley-custom-error-message {color: #cf2e2e}\n      #mailpoet_form_1 .mailpoet_paragraph.last {margin-bottom: 0} @media (max-width: 500px) {#mailpoet_form_1 {background: #9ed3c6;}} @media (min-width: 500px) {#mailpoet_form_1 .last .mailpoet_paragraph:last-child {margin-bottom: 0}}  @media (max-width: 500px) {#mailpoet_form_1 .mailpoet_form_column:last-child .mailpoet_paragraph:last-child {margin-bottom: 0}} \n    <\/style>\n\n    <form\n      target=\"_self\"\n      method=\"post\"\n      action=\"https:\/\/e-edukujemy.pl\/wp-admin\/admin-post.php?action=mailpoet_subscription_form\"\n      class=\"mailpoet_form mailpoet_form_form mailpoet_form_html\"\n      novalidate\n      data-delay=\"\"\n      data-exit-intent-enabled=\"\"\n      data-font-family=\"\"\n      data-cookie-expiration-time=\"\"\n    >\n      <input type=\"hidden\" name=\"data[form_id]\" value=\"1\" \/>\n      <input type=\"hidden\" name=\"token\" value=\"5c63e189c8\" \/>\n      <input type=\"hidden\" name=\"api_version\" value=\"v1\" \/>\n      <input type=\"hidden\" name=\"endpoint\" value=\"subscribers\" \/>\n      <input type=\"hidden\" name=\"mailpoet_method\" value=\"subscribe\" \/>\n\n      <label class=\"mailpoet_hp_email_label\" style=\"display: none !important;\">Zostaw to pole puste<input type=\"email\" name=\"data[email]\"\/><\/label><h1 class=\"mailpoet-heading  mailpoet-has-font-size\" style=\"text-align: center; color: #ffffff; font-size: 50px; line-height: 1\"><strong><span style=\"font-family: Noto Sans\" data-font=\"Noto Sans\" class=\"mailpoet-has-font\">POZOSTA\u0143MY W KONTAKCIE!<\/span><\/strong><\/h1>\n<p class=\"mailpoet_form_paragraph  mailpoet-has-font-size\" style=\"text-align: center; color: #ffffff; font-size: 20px; line-height: 1\"><span style=\"font-family: Tahoma\" data-font=\"Tahoma\" class=\"mailpoet-has-font\">Chcieliby\u015bmy na bie\u017c\u0105co informowa\u0107 Ci\u0119 o naszych najnowszych webinarach <\/span>                               <span style=\"font-family: Tahoma\" data-font=\"Tahoma\" class=\"mailpoet-has-font\">i materia\u0142ach na stronie. <\/span><\/p>\n<p class=\"mailpoet_form_paragraph  mailpoet-has-font-size\" style=\"text-align: center; color: #ffffff; font-size: 20px; line-height: 1\"><span style=\"font-family: Tahoma\" data-font=\"Tahoma\" class=\"mailpoet-has-font\">Zapisz si\u0119 ju\u017c dzi\u015b, a czeka Ci\u0119 niespodzianka. \ud83d\ude42<\/span><\/p>\n<div class=\"mailpoet_paragraph \"><style>input[name=\"data[form_field_YzM2NjZlNWFlZjA3X2ZpcnN0X25hbWU=]\"]::placeholder{color:#000000;opacity: 1;}<\/style><input type=\"text\" autocomplete=\"given-name\" class=\"mailpoet_text\" id=\"form_first_name_1\" name=\"data[form_field_YzM2NjZlNWFlZjA3X2ZpcnN0X25hbWU=]\" title=\"Jak masz na imi\u0119?\" value=\"\" style=\"width:100%;box-sizing:border-box;background-color:#ffffff;border-style:solid;border-radius:4px !important;border-width:0px;border-color:#313131;padding:12px;margin: 0 auto 0 0;font-family:&#039;Ubuntu&#039;;color:#000000;\" data-automation-id=\"form_first_name\"  placeholder=\"Jak masz na imi\u0119?\" aria-label=\"Jak masz na imi\u0119?\" data-parsley-errors-container=\".mailpoet_error_to6x0\" data-parsley-names='[&quot;Podaj prawid\u0142ow\u0105 nazw\u0119.&quot;,&quot;Adresy w nazwach s\u0105 niedozwolone, zamiast tego dodaj swoje imi\u0119 i nazwisko.&quot;]'\/><span class=\"mailpoet_error_to6x0\"><\/span><\/div>\n<div class=\"mailpoet_paragraph \"><style>input[name=\"data[form_field_ODQxNWRjN2M2Y2FmX2xhc3RfbmFtZQ==]\"]::placeholder{color:#000000;opacity: 1;}<\/style><input type=\"text\" autocomplete=\"family-name\" class=\"mailpoet_text\" id=\"form_last_name_1\" name=\"data[form_field_ODQxNWRjN2M2Y2FmX2xhc3RfbmFtZQ==]\" title=\"Jak si\u0119 nazywasz?\" value=\"\" style=\"width:100%;box-sizing:border-box;background-color:#ffffff;border-style:solid;border-radius:4px !important;border-width:0px;border-color:#313131;padding:12px;margin: 0 auto 0 0;font-family:&#039;Ubuntu&#039;;color:#000000;\" data-automation-id=\"form_last_name\"  placeholder=\"Jak si\u0119 nazywasz?\" aria-label=\"Jak si\u0119 nazywasz?\" data-parsley-errors-container=\".mailpoet_error_1dnog\" data-parsley-names='[&quot;Podaj prawid\u0142ow\u0105 nazw\u0119.&quot;,&quot;Adresy w nazwach s\u0105 niedozwolone, zamiast tego dodaj swoje imi\u0119 i nazwisko.&quot;]'\/><span class=\"mailpoet_error_1dnog\"><\/span><\/div>\n<div class=\"mailpoet_paragraph \"><input type=\"email\" autocomplete=\"email\" class=\"mailpoet_text\" id=\"form_email_1\" name=\"data[form_field_Zjk2Yjg1YzE4ZDIxX2VtYWls]\" title=\"Adres email\" value=\"\" style=\"width:100%;box-sizing:border-box;background-color:#ffffff;border-style:solid;border-radius:4px !important;border-width:0px;border-color:#7bdcb5;padding:12px;margin: 0 auto 0 0;font-family:&#039;Ubuntu&#039;;\" data-automation-id=\"form_email\"  placeholder=\"Adres email *\" aria-label=\"Adres email *\" data-parsley-errors-container=\".mailpoet_error_3pgna\" data-parsley-required=\"true\" required aria-required=\"true\" data-parsley-minlength=\"6\" data-parsley-maxlength=\"150\" data-parsley-type-message=\"Ta warto\u015b\u0107 powinna by\u0107 prawid\u0142owym adresem e-mail.\" data-parsley-required-message=\"To pole jest wymagane.\"\/><span class=\"mailpoet_error_3pgna\"><\/span><\/div>\n<div class=\"mailpoet_paragraph \"><input type=\"submit\" class=\"mailpoet_submit\" value=\"Informuj mnie na bie\u017c\u0105co!\" data-automation-id=\"subscribe-submit-button\" data-font-family='Ubuntu' style=\"width:100%;box-sizing:border-box;background-color:#f07b6a;border-style:solid;border-radius:40px !important;border-width:0px;padding:12px;margin: 0 auto 0 0;font-family:&#039;Ubuntu&#039;;font-size:24px;line-height:1.5;height:auto;color:#ffffff;border-color:transparent;font-weight:bold;\" \/><span class=\"mailpoet_form_loading\"><span class=\"mailpoet_bounce1\"><\/span><span class=\"mailpoet_bounce2\"><\/span><span class=\"mailpoet_bounce3\"><\/span><\/span><\/div>\n<p class=\"mailpoet_form_paragraph  mailpoet-has-font-size\" style=\"text-align: center; color: #ffffff; font-size: 14px; line-height: 1.2\"><span style=\"font-family: Concert One\" data-font=\"Concert One\" class=\"mailpoet-has-font\">Nie spamujemy! Przeczytaj nasz\u0105 <a target=\"_blank\" href=\"https:\/\/e-edukujemy.pl\/?page_id=3\">polityk\u0119 prywatno\u015bci<\/a>, aby uzyska\u0107 wi\u0119cej informacji.<\/span><\/p>\n\n      <div class=\"mailpoet_message\">\n        <p class=\"mailpoet_validate_success\"\n                style=\"display:none;\"\n                >Sprawd\u017a swoj\u0105 skrzynk\u0119 odbiorcz\u0105 albo katalog spam i potwierd\u017a swoj\u0105 subskrypcj\u0119.\n        <\/p>\n        <p class=\"mailpoet_validate_error\"\n                style=\"display:none;\"\n                >        <\/p>\n      <\/div>\n    <\/form>\n\n      <\/div>\n\n  <\/div><\/header>\n\n\n\n<p><\/p>\n\n\n\n<p><\/p>\n","protected":false},"excerpt":{"rendered":"","protected":false},"author":1,"featured_media":0,"parent":0,"menu_order":0,"comment_status":"closed","ping_status":"closed","template":"","meta":{"site-sidebar-layout":"default","site-content-layout":"","ast-site-content-layout":"default","site-content-style":"default","site-sidebar-style":"default","ast-global-header-display":"","ast-banner-title-visibility":"","ast-main-header-display":"","ast-hfb-above-header-display":"","ast-hfb-below-header-display":"","ast-hfb-mobile-header-display":"","site-post-title":"disabled","ast-breadcrumbs-content":"","ast-featured-img":"disabled","footer-sml-layout":"","theme-transparent-header-meta":"","adv-header-id-meta":"","stick-header-meta":"","header-above-stick-meta":"","header-main-stick-meta":"","header-below-stick-meta":"","astra-migrate-meta-layouts":"default","ast-page-background-enabled":"default","ast-page-background-meta":{"desktop":{"background-color":"var(--ast-global-color-5)","background-image":"","background-repeat":"repeat","background-position":"center center","background-size":"auto","background-attachment":"scroll","background-type":"","background-media":"","overlay-type":"","overlay-color":"","overlay-opacity":"","overlay-gradient":""},"tablet":{"background-color":"","background-image":"","background-repeat":"repeat","background-position":"center center","background-size":"auto","background-attachment":"scroll","background-type":"","background-media":"","overlay-type":"","overlay-color":"","overlay-opacity":"","overlay-gradient":""},"mobile":{"background-color":"","background-image":"","background-repeat":"repeat","background-position":"center center","background-size":"auto","background-attachment":"scroll","background-type":"","background-media":"","overlay-type":"","overlay-color":"","overlay-opacity":"","overlay-gradient":""}},"ast-content-background-meta":{"desktop":{"background-color":"var(--ast-global-color-4)","background-image":"","background-repeat":"repeat","background-position":"center center","background-size":"auto","background-attachment":"scroll","background-type":"","background-media":"","overlay-type":"","overlay-color":"","overlay-opacity":"","overlay-gradient":""},"tablet":{"background-color":"var(--ast-global-color-4)","background-image":"","background-repeat":"repeat","background-position":"center center","background-size":"auto","background-attachment":"scroll","background-type":"","background-media":"","overlay-type":"","overlay-color":"","overlay-opacity":"","overlay-gradient":""},"mobile":{"background-color":"var(--ast-global-color-4)","background-image":"","background-repeat":"repeat","background-position":"center center","background-size":"auto","background-attachment":"scroll","background-type":"","background-media":"","overlay-type":"","overlay-color":"","overlay-opacity":"","overlay-gradient":""}},"footnotes":""},"class_list":["post-791","page","type-page","status-publish","hentry"],"jetpack_sharing_enabled":true,"_links":{"self":[{"href":"https:\/\/e-edukujemy.pl\/index.php?rest_route=\/wp\/v2\/pages\/791","targetHints":{"allow":["GET"]}}],"collection":[{"href":"https:\/\/e-edukujemy.pl\/index.php?rest_route=\/wp\/v2\/pages"}],"about":[{"href":"https:\/\/e-edukujemy.pl\/index.php?rest_route=\/wp\/v2\/types\/page"}],"author":[{"embeddable":true,"href":"https:\/\/e-edukujemy.pl\/index.php?rest_route=\/wp\/v2\/users\/1"}],"replies":[{"embeddable":true,"href":"https:\/\/e-edukujemy.pl\/index.php?rest_route=%2Fwp%2Fv2%2Fcomments&post=791"}],"version-history":[{"count":33,"href":"https:\/\/e-edukujemy.pl\/index.php?rest_route=\/wp\/v2\/pages\/791\/revisions"}],"predecessor-version":[{"id":997,"href":"https:\/\/e-edukujemy.pl\/index.php?rest_route=\/wp\/v2\/pages\/791\/revisions\/997"}],"wp:attachment":[{"href":"https:\/\/e-edukujemy.pl\/index.php?rest_route=%2Fwp%2Fv2%2Fmedia&parent=791"}],"curies":[{"name":"wp","href":"https:\/\/api.w.org\/{rel}","templated":true}]}}