{"id":35,"date":"2025-08-25T00:10:02","date_gmt":"2025-08-24T22:10:02","guid":{"rendered":"http:\/\/e-edukujemy.pl\/?page_id=35"},"modified":"2025-09-04T21:44:12","modified_gmt":"2025-09-04T19:44:12","slug":"cart","status":"publish","type":"page","link":"https:\/\/e-edukujemy.pl\/?page_id=35","title":{"rendered":"Koszyk"},"content":{"rendered":"\n<div data-block-name=\"woocommerce\/cart\" class=\"wp-block-woocommerce-cart alignwide is-loading\">\n<div data-block-name=\"woocommerce\/filled-cart-block\" class=\"wp-block-woocommerce-filled-cart-block\">\n<div data-block-name=\"woocommerce\/cart-items-block\" class=\"wp-block-woocommerce-cart-items-block\">\n<div data-block-name=\"woocommerce\/cart-line-items-block\" class=\"wp-block-woocommerce-cart-line-items-block\"><\/div>\n\n\n\n<div data-block-name=\"woocommerce\/cart-cross-sells-block\" class=\"wp-block-woocommerce-cart-cross-sells-block\">\n<h2 class=\"wp-block-heading has-large-font-size\">You may be interested in\u2026<\/h2>\n\n\n\n<div data-block-name=\"woocommerce\/cart-cross-sells-products-block\" class=\"wp-block-woocommerce-cart-cross-sells-products-block\"><\/div>\n<\/div>\n<\/div>\n\n\n\n<div data-block-name=\"woocommerce\/cart-totals-block\" class=\"wp-block-woocommerce-cart-totals-block\">\n<div data-block-name=\"woocommerce\/cart-order-summary-block\" class=\"wp-block-woocommerce-cart-order-summary-block\">\n<div data-block-name=\"woocommerce\/cart-order-summary-heading-block\" class=\"wp-block-woocommerce-cart-order-summary-heading-block\"><\/div><div data-block-name=\"woocommerce\/cart-order-summary-coupon-form-block\" class=\"wp-block-woocommerce-cart-order-summary-coupon-form-block\"><\/div><div data-block-name=\"woocommerce\/cart-order-summary-totals-block\" class=\"wp-block-woocommerce-cart-order-summary-totals-block\">\n<div data-block-name=\"woocommerce\/cart-order-summary-subtotal-block\" class=\"wp-block-woocommerce-cart-order-summary-subtotal-block\"><\/div>\n<div data-block-name=\"woocommerce\/cart-order-summary-discount-block\" class=\"wp-block-woocommerce-cart-order-summary-discount-block\"><\/div>\n<div data-block-name=\"woocommerce\/cart-order-summary-fee-block\" class=\"wp-block-woocommerce-cart-order-summary-fee-block\"><\/div>\n<div data-block-name=\"woocommerce\/cart-order-summary-shipping-block\" class=\"wp-block-woocommerce-cart-order-summary-shipping-block\"><\/div>\n<div data-block-name=\"woocommerce\/cart-order-summary-taxes-block\" class=\"wp-block-woocommerce-cart-order-summary-taxes-block\"><\/div><\/div>\n<\/div>\n\n\n\n<div data-block-name=\"woocommerce\/cart-express-payment-block\" class=\"wp-block-woocommerce-cart-express-payment-block\"><\/div>\n\n\n\n<div data-block-name=\"woocommerce\/proceed-to-checkout-block\" class=\"wp-block-woocommerce-proceed-to-checkout-block\"><\/div>\n\n\n\n<div data-block-name=\"woocommerce\/cart-accepted-payment-methods-block\" class=\"wp-block-woocommerce-cart-accepted-payment-methods-block\"><\/div>\n<\/div>\n<\/div>\n\n\n\n<div data-block-name=\"woocommerce\/empty-cart-block\" class=\"wp-block-woocommerce-empty-cart-block\">\n<h2 class=\"wp-block-heading has-text-align-center with-empty-cart-icon wc-block-cart__empty-cart__title\">Your cart is currently empty!<\/h2>\n\n\n\n<hr class=\"wp-block-separator has-alpha-channel-opacity is-style-dots\"\/>\n\n\n\n<h2 class=\"wp-block-heading has-text-align-center\">New in store<\/h2>\n\n\n<div data-block-name=\"woocommerce\/product-new\" data-columns=\"4\" data-rows=\"1\" class=\"wc-block-grid wp-block-product-new wp-block-woocommerce-product-new wc-block-product-new has-4-columns\"><ul class=\"wc-block-grid__products\"><li class=\"wc-block-grid__product\">\n\t\t\t\t<a href=\"https:\/\/e-edukujemy.pl\/?product=webinar-dla-pracownikow-hr-zarzadzanie-roznorodnoscia-pokoleniowa-pracownikow-na-zamowienie\" class=\"wc-block-grid__product-link\">\n\t\t\t\t\t\n\t\t\t\t\t<div class=\"wc-block-grid__product-image\"><img loading=\"lazy\" decoding=\"async\" width=\"300\" height=\"300\" src=\"https:\/\/e-edukujemy.pl\/wp-content\/uploads\/2025\/08\/ChatGPT-Image-31-sie-2025-17_52_53-1.png\" class=\"attachment-woocommerce_thumbnail size-woocommerce_thumbnail\" alt=\"Webinar dla pracownik\u00f3w HR: Zarz\u0105dzanie r\u00f3\u017cnorodno\u015bci\u0105 pokoleniow\u0105 pracownik\u00f3w (na zam\u00f3wienie)\" srcset=\"https:\/\/e-edukujemy.pl\/wp-content\/uploads\/2025\/08\/ChatGPT-Image-31-sie-2025-17_52_53-1.png 1024w, https:\/\/e-edukujemy.pl\/wp-content\/uploads\/2025\/08\/ChatGPT-Image-31-sie-2025-17_52_53-1-300x300.png 300w, https:\/\/e-edukujemy.pl\/wp-content\/uploads\/2025\/08\/ChatGPT-Image-31-sie-2025-17_52_53-1-150x150.png 150w\" sizes=\"auto, (max-width: 300px) 100vw, 300px\" \/><\/div>\n\t\t\t\t\t<div class=\"wc-block-grid__product-title\">Webinar dla pracownik\u00f3w HR: Zarz\u0105dzanie r\u00f3\u017cnorodno\u015bci\u0105 pokoleniow\u0105 pracownik\u00f3w (na zam\u00f3wienie)<\/div>\n\t\t\t\t<\/a>\n\t\t\t\t<div class=\"wc-block-grid__product-price price\"><span class=\"woocommerce-Price-amount amount\">800,00&nbsp;<span class=\"woocommerce-Price-currencySymbol\">&#122;&#322;<\/span><\/span><\/div>\n\t\t\t\t\n\t\t\t\t<div class=\"wp-block-button wc-block-grid__product-add-to-cart\"><a href=\"\/index.php?rest_route=%2Fwp%2Fv2%2Fpages%2F35&#038;add-to-cart=310\" aria-label=\"Dodaj do koszyka: &bdquo;Webinar dla pracownik\u00f3w HR: Zarz\u0105dzanie r\u00f3\u017cnorodno\u015bci\u0105 pokoleniow\u0105 pracownik\u00f3w (na zam\u00f3wienie)&rdquo;\" data-quantity=\"1\" data-product_id=\"310\" data-product_sku=\"\" data-price=\"800\" rel=\"nofollow\" class=\"wp-block-button__link  add_to_cart_button ajax_add_to_cart\">Dodaj do koszyka<\/a><\/div>\n\t\t\t<\/li><li class=\"wc-block-grid__product\">\n\t\t\t\t<a href=\"https:\/\/e-edukujemy.pl\/?product=karta-pracy-jezyk-polski-jako-obcy-pierwsza-lekcja-poziom-a0\" class=\"wc-block-grid__product-link\">\n\t\t\t\t\t\n\t\t\t\t\t<div class=\"wc-block-grid__product-image\"><img loading=\"lazy\" decoding=\"async\" width=\"300\" height=\"300\" src=\"https:\/\/e-edukujemy.pl\/wp-content\/uploads\/2025\/08\/Joanna-Sklep-_01002_-300x300.png\" class=\"attachment-woocommerce_thumbnail size-woocommerce_thumbnail\" alt=\"Karta pracy \u2013 J\u0119zyk polski jako obcy: Pierwsza lekcja (poziom A0)\" srcset=\"https:\/\/e-edukujemy.pl\/wp-content\/uploads\/2025\/08\/Joanna-Sklep-_01002_-300x300.png 300w, https:\/\/e-edukujemy.pl\/wp-content\/uploads\/2025\/08\/Joanna-Sklep-_01002_-150x150.png 150w, https:\/\/e-edukujemy.pl\/wp-content\/uploads\/2025\/08\/Joanna-Sklep-_01002_-768x768.png 768w, https:\/\/e-edukujemy.pl\/wp-content\/uploads\/2025\/08\/Joanna-Sklep-_01002_-600x600.png 600w, https:\/\/e-edukujemy.pl\/wp-content\/uploads\/2025\/08\/Joanna-Sklep-_01002_-100x100.png 100w, https:\/\/e-edukujemy.pl\/wp-content\/uploads\/2025\/08\/Joanna-Sklep-_01002_.png 1024w\" sizes=\"auto, (max-width: 300px) 100vw, 300px\" \/><\/div>\n\t\t\t\t\t<div class=\"wc-block-grid__product-title\">Karta pracy \u2013 J\u0119zyk polski jako obcy: Pierwsza lekcja (poziom A0)<\/div>\n\t\t\t\t<\/a>\n\t\t\t\t<div class=\"wc-block-grid__product-price price\"><span class=\"woocommerce-Price-amount amount\">10,00&nbsp;<span class=\"woocommerce-Price-currencySymbol\">&#122;&#322;<\/span><\/span><\/div>\n\t\t\t\t\n\t\t\t\t<div class=\"wp-block-button wc-block-grid__product-add-to-cart\"><a href=\"\/index.php?rest_route=%2Fwp%2Fv2%2Fpages%2F35&#038;add-to-cart=309\" aria-label=\"Dodaj do koszyka: &bdquo;Karta pracy \u2013 J\u0119zyk polski jako obcy: Pierwsza lekcja (poziom A0)&rdquo;\" data-quantity=\"1\" data-product_id=\"309\" data-product_sku=\"\" data-price=\"10\" rel=\"nofollow\" class=\"wp-block-button__link  add_to_cart_button ajax_add_to_cart\">Dodaj do koszyka<\/a><\/div>\n\t\t\t<\/li><li class=\"wc-block-grid__product\">\n\t\t\t\t<a href=\"https:\/\/e-edukujemy.pl\/?product=karta-pracy-jezyk-polski-jako-obcy-czesci-ciala-poziom-a2-b1-2\" class=\"wc-block-grid__product-link\">\n\t\t\t\t\t\n\t\t\t\t\t<div class=\"wc-block-grid__product-image\"><img loading=\"lazy\" decoding=\"async\" width=\"300\" height=\"300\" src=\"https:\/\/e-edukujemy.pl\/wp-content\/uploads\/2025\/08\/Joanna-Sklep-_00996_-300x300.png\" class=\"attachment-woocommerce_thumbnail size-woocommerce_thumbnail\" alt=\"Karta pracy \u2013 J\u0119zyk polski jako obcy: Cz\u0119\u015bci cia\u0142a \u2013 poziom A2\/B1\" srcset=\"https:\/\/e-edukujemy.pl\/wp-content\/uploads\/2025\/08\/Joanna-Sklep-_00996_-300x300.png 300w, https:\/\/e-edukujemy.pl\/wp-content\/uploads\/2025\/08\/Joanna-Sklep-_00996_-150x150.png 150w, https:\/\/e-edukujemy.pl\/wp-content\/uploads\/2025\/08\/Joanna-Sklep-_00996_-768x768.png 768w, https:\/\/e-edukujemy.pl\/wp-content\/uploads\/2025\/08\/Joanna-Sklep-_00996_-600x600.png 600w, https:\/\/e-edukujemy.pl\/wp-content\/uploads\/2025\/08\/Joanna-Sklep-_00996_-100x100.png 100w, https:\/\/e-edukujemy.pl\/wp-content\/uploads\/2025\/08\/Joanna-Sklep-_00996_.png 1024w\" sizes=\"auto, (max-width: 300px) 100vw, 300px\" \/><\/div>\n\t\t\t\t\t<div class=\"wc-block-grid__product-title\">Karta pracy \u2013 J\u0119zyk polski jako obcy: Cz\u0119\u015bci cia\u0142a \u2013 poziom A2\/B1<\/div>\n\t\t\t\t<\/a>\n\t\t\t\t<div class=\"wc-block-grid__product-price price\"><span class=\"woocommerce-Price-amount amount\">3,00&nbsp;<span class=\"woocommerce-Price-currencySymbol\">&#122;&#322;<\/span><\/span><\/div>\n\t\t\t\t\n\t\t\t\t<div class=\"wp-block-button wc-block-grid__product-add-to-cart\"><a href=\"\/index.php?rest_route=%2Fwp%2Fv2%2Fpages%2F35&#038;add-to-cart=308\" aria-label=\"Dodaj do koszyka: &bdquo;Karta pracy \u2013 J\u0119zyk polski jako obcy: Cz\u0119\u015bci cia\u0142a \u2013 poziom A2\/B1&rdquo;\" data-quantity=\"1\" data-product_id=\"308\" data-product_sku=\"\" data-price=\"3\" rel=\"nofollow\" class=\"wp-block-button__link  add_to_cart_button ajax_add_to_cart\">Dodaj do koszyka<\/a><\/div>\n\t\t\t<\/li><li class=\"wc-block-grid__product\">\n\t\t\t\t<a href=\"https:\/\/e-edukujemy.pl\/?product=karta-pracy-jezyk-polski-jako-obcy-czas-przeszly-aspekt-niedokonany\" class=\"wc-block-grid__product-link\">\n\t\t\t\t\t\n\t\t\t\t\t<div class=\"wc-block-grid__product-image\"><img loading=\"lazy\" decoding=\"async\" width=\"300\" height=\"300\" src=\"https:\/\/e-edukujemy.pl\/wp-content\/uploads\/2025\/08\/Joanna-Sklep-_00984_-300x300.png\" class=\"attachment-woocommerce_thumbnail size-woocommerce_thumbnail\" alt=\"Karta pracy \u2013 J\u0119zyk polski jako obcy: Czas przesz\u0142y. Aspekt niedokonany\" srcset=\"https:\/\/e-edukujemy.pl\/wp-content\/uploads\/2025\/08\/Joanna-Sklep-_00984_-300x300.png 300w, https:\/\/e-edukujemy.pl\/wp-content\/uploads\/2025\/08\/Joanna-Sklep-_00984_-150x150.png 150w, https:\/\/e-edukujemy.pl\/wp-content\/uploads\/2025\/08\/Joanna-Sklep-_00984_-768x768.png 768w, https:\/\/e-edukujemy.pl\/wp-content\/uploads\/2025\/08\/Joanna-Sklep-_00984_.png 1024w\" sizes=\"auto, (max-width: 300px) 100vw, 300px\" \/><\/div>\n\t\t\t\t\t<div class=\"wc-block-grid__product-title\">Karta pracy \u2013 J\u0119zyk polski jako obcy: Czas przesz\u0142y. Aspekt niedokonany<\/div>\n\t\t\t\t<\/a>\n\t\t\t\t<div class=\"wc-block-grid__product-price price\"><span class=\"woocommerce-Price-amount amount\">5,00&nbsp;<span class=\"woocommerce-Price-currencySymbol\">&#122;&#322;<\/span><\/span><\/div>\n\t\t\t\t\n\t\t\t\t<div class=\"wp-block-button wc-block-grid__product-add-to-cart\"><a href=\"\/index.php?rest_route=%2Fwp%2Fv2%2Fpages%2F35&#038;add-to-cart=305\" aria-label=\"Dodaj do koszyka: &bdquo;Karta pracy \u2013 J\u0119zyk polski jako obcy: Czas przesz\u0142y. Aspekt niedokonany&rdquo;\" data-quantity=\"1\" data-product_id=\"305\" data-product_sku=\"\" data-price=\"5\" rel=\"nofollow\" class=\"wp-block-button__link  add_to_cart_button ajax_add_to_cart\">Dodaj do koszyka<\/a><\/div>\n\t\t\t<\/li><\/ul><\/div><\/div>\n<\/div>\n","protected":false},"excerpt":{"rendered":"","protected":false},"author":1,"featured_media":0,"parent":0,"menu_order":0,"comment_status":"closed","ping_status":"closed","template":"","meta":{"site-sidebar-layout":"default","site-content-layout":"","ast-site-content-layout":"default","site-content-style":"default","site-sidebar-style":"default","ast-global-header-display":"","ast-banner-title-visibility":"","ast-main-header-display":"","ast-hfb-above-header-display":"","ast-hfb-below-header-display":"","ast-hfb-mobile-header-display":"","site-post-title":"","ast-breadcrumbs-content":"","ast-featured-img":"","footer-sml-layout":"","theme-transparent-header-meta":"","adv-header-id-meta":"","stick-header-meta":"","header-above-stick-meta":"","header-main-stick-meta":"","header-below-stick-meta":"","astra-migrate-meta-layouts":"default","ast-page-background-enabled":"default","ast-page-background-meta":{"desktop":{"background-color":"var(--ast-global-color-5)","background-image":"","background-repeat":"repeat","background-position":"center center","background-size":"auto","background-attachment":"scroll","background-type":"","background-media":"","overlay-type":"","overlay-color":"","overlay-opacity":"","overlay-gradient":""},"tablet":{"background-color":"","background-image":"","background-repeat":"repeat","background-position":"center center","background-size":"auto","background-attachment":"scroll","background-type":"","background-media":"","overlay-type":"","overlay-color":"","overlay-opacity":"","overlay-gradient":""},"mobile":{"background-color":"","background-image":"","background-repeat":"repeat","background-position":"center center","background-size":"auto","background-attachment":"scroll","background-type":"","background-media":"","overlay-type":"","overlay-color":"","overlay-opacity":"","overlay-gradient":""}},"ast-content-background-meta":{"desktop":{"background-color":"var(--ast-global-color-4)","background-image":"","background-repeat":"repeat","background-position":"center center","background-size":"auto","background-attachment":"scroll","background-type":"","background-media":"","overlay-type":"","overlay-color":"","overlay-opacity":"","overlay-gradient":""},"tablet":{"background-color":"var(--ast-global-color-4)","background-image":"","background-repeat":"repeat","background-position":"center center","background-size":"auto","background-attachment":"scroll","background-type":"","background-media":"","overlay-type":"","overlay-color":"","overlay-opacity":"","overlay-gradient":""},"mobile":{"background-color":"var(--ast-global-color-4)","background-image":"","background-repeat":"repeat","background-position":"center center","background-size":"auto","background-attachment":"scroll","background-type":"","background-media":"","overlay-type":"","overlay-color":"","overlay-opacity":"","overlay-gradient":""}},"footnotes":""},"class_list":["post-35","page","type-page","status-publish","hentry"],"jetpack_sharing_enabled":true,"_links":{"self":[{"href":"https:\/\/e-edukujemy.pl\/index.php?rest_route=\/wp\/v2\/pages\/35","targetHints":{"allow":["GET"]}}],"collection":[{"href":"https:\/\/e-edukujemy.pl\/index.php?rest_route=\/wp\/v2\/pages"}],"about":[{"href":"https:\/\/e-edukujemy.pl\/index.php?rest_route=\/wp\/v2\/types\/page"}],"author":[{"embeddable":true,"href":"https:\/\/e-edukujemy.pl\/index.php?rest_route=\/wp\/v2\/users\/1"}],"replies":[{"embeddable":true,"href":"https:\/\/e-edukujemy.pl\/index.php?rest_route=%2Fwp%2Fv2%2Fcomments&post=35"}],"version-history":[{"count":1,"href":"https:\/\/e-edukujemy.pl\/index.php?rest_route=\/wp\/v2\/pages\/35\/revisions"}],"predecessor-version":[{"id":210,"href":"https:\/\/e-edukujemy.pl\/index.php?rest_route=\/wp\/v2\/pages\/35\/revisions\/210"}],"wp:attachment":[{"href":"https:\/\/e-edukujemy.pl\/index.php?rest_route=%2Fwp%2Fv2%2Fmedia&parent=35"}],"curies":[{"name":"wp","href":"https:\/\/api.w.org\/{rel}","templated":true}]}}