{"id":201,"date":"2025-08-26T00:07:04","date_gmt":"2025-08-25T22:07:04","guid":{"rendered":"https:\/\/e-edukujemy.pl\/?page_id=201"},"modified":"2025-09-04T20:26:49","modified_gmt":"2025-09-04T18:26:49","slug":"o-mnie","status":"publish","type":"page","link":"https:\/\/e-edukujemy.pl\/?page_id=201","title":{"rendered":"O mnie"},"content":{"rendered":"\n<figure class=\"wp-block-image alignleft size-full is-resized\"><img loading=\"lazy\" decoding=\"async\" width=\"1200\" height=\"1600\" src=\"http:\/\/e-edukujemy.pl\/wp-content\/uploads\/2025\/09\/2025-09-02-16-56-49-766.jpg\" alt=\"\" class=\"wp-image-708\" style=\"width:366px;height:auto\" srcset=\"https:\/\/e-edukujemy.pl\/wp-content\/uploads\/2025\/09\/2025-09-02-16-56-49-766.jpg 1200w, https:\/\/e-edukujemy.pl\/wp-content\/uploads\/2025\/09\/2025-09-02-16-56-49-766-225x300.jpg 225w, https:\/\/e-edukujemy.pl\/wp-content\/uploads\/2025\/09\/2025-09-02-16-56-49-766-768x1024.jpg 768w, https:\/\/e-edukujemy.pl\/wp-content\/uploads\/2025\/09\/2025-09-02-16-56-49-766-1152x1536.jpg 1152w, https:\/\/e-edukujemy.pl\/wp-content\/uploads\/2025\/09\/2025-09-02-16-56-49-766-600x800.jpg 600w\" sizes=\"auto, (max-width: 1200px) 100vw, 1200px\" \/><\/figure>\n\n\n\n<p>Kim jestem?<\/p>\n\n\n\n<p>Doradczyni zawodowa z 11-letnim do\u015bwiadczeniem, nauczycielka j\u0119zyka polskiego jako obcego, \u201ezwyk\u0142ego\u201d j\u0119zyka polskiego, historii, wiedzy o spo\u0142ecze\u0144stwie i plastyki, oligofrenopedago\u017cka oraz specjalistka w zakresie edukacji os\u00f3b w spektrum autyzmu, doktor nauk o zarz\u0105dzaniu i jako\u015bci, propagatorka edukacji ekonomicznej. Autorka ponad dwudziestu artyku\u0142\u00f3w naukowych na temat zarz\u0105dzania r\u00f3\u017cnorodno\u015bci\u0105 i doradztwa zawodowego. Rodowita leszczynianka. Pracuj\u0119 w szkole podstawowej (a nawet w dw\u00f3ch), liceum dla doros\u0142ych i w Centrum Integracji Cudzoziemc\u00f3w.<\/p>\n\n\n\n<p>Naukowo interesuj\u0119 si\u0119 r\u00f3\u017cnicami pokoleniowymi i kulturowymi w miejscu pracy i na rynku pracy, zjawiskami wypalenia zawodowego i edukacyjnego oraz mobbingu. Nienaukowo \u2013 kultur\u0105 dalekowschodni\u0105, mitologi\u0105 s\u0142owia\u0144sk\u0105, literatur\u0105 i poezj\u0105, jak r\u00f3wnie\u017c szeroko rozumian\u0105 sztuk\u0105. Uwielbiam podr\u00f3\u017cowa\u0107, rozmawia\u0107 z lud\u017ami i poznawa\u0107 ich punkty widzenia. Wa\u017cny jest dla mnie ci\u0105g\u0142y rozw\u00f3j. <\/p>\n\n\n\n<p>Dlaczego zdecydowa\u0142am si\u0119 otworzy\u0107 firm\u0119 szkoleniow\u0105? C\u00f3\u017c, mam ca\u0142kiem sporo materia\u0142\u00f3w, kt\u00f3re s\u0105 chyba nie najgorszej jako\u015bci i postanowi\u0142am udost\u0119pni\u0107 je szerszemu gronu odbiorc\u00f3w. Ch\u0119tnie te\u017c podziel\u0119 si\u0119 z Wami swoj\u0105 wiedz\u0105. Zapraszam. <\/p>\n\n\n\n<p>Czujcie si\u0119 tu jak u siebie. \ud83d\ude42<\/p>\n\n\n\n<p><\/p>\n\n\n\n<p><\/p>\n\n\n\n<p><\/p>\n\n\n\n<h2 class=\"wp-block-heading\">Ale dlaczego te gryzonie? <\/h2>\n\n\n\n<p>Nale\u017ca\u0142oby te\u017c wyt\u0142umaczy\u0107, sk\u0105d te szczurki w moich materia\u0142ach. Ewentualnie myszy \u2013 interpretacja dowolna. Powod\u00f3w jest kilka.<\/p>\n\n\n\n<p>Po pierwsze, nazywam si\u0119 RATajczak. Nazwisko zobowi\u0105zuje. \ud83d\ude42<\/p>\n\n\n\n<figure class=\"wp-block-image alignright size-full is-resized\"><img loading=\"lazy\" decoding=\"async\" width=\"310\" height=\"306\" src=\"https:\/\/e-edukujemy.pl\/wp-content\/uploads\/2025\/08\/szczurek.png\" alt=\"\" class=\"wp-image-217\" style=\"width:345px;height:auto\" srcset=\"https:\/\/e-edukujemy.pl\/wp-content\/uploads\/2025\/08\/szczurek.png 310w, https:\/\/e-edukujemy.pl\/wp-content\/uploads\/2025\/08\/szczurek-300x296.png 300w, https:\/\/e-edukujemy.pl\/wp-content\/uploads\/2025\/08\/szczurek-100x100.png 100w\" sizes=\"auto, (max-width: 310px) 100vw, 310px\" \/><\/figure>\n\n\n\n<p>Po drugie, szczury s\u0105 bardzo m\u0105dre i szybko si\u0119 ucz\u0105. W badaniach naukowych wykazuj\u0105 si\u0119 logicznym my\u015bleniem i zdolno\u015bci\u0105 do wsp\u00f3\u0142pracy. Tworz\u0105 silne wi\u0119zi w grupie. Pomagaj\u0105 sobie nawzajem, np. dziel\u0105c si\u0119 jedzeniem. Badania pokazuj\u0105 te\u017c, \u017ce potrafi\u0105 odczuwa\u0107 empati\u0119. &nbsp;My\u015bl\u0119, \u017ce to ca\u0142kiem dobry symbol ucz\u0105cych si\u0119, inspiruj\u0105cych os\u00f3b.<\/p>\n\n\n\n<p>Natomiast mysz\u0105 przecie\u017c klikamy, gdy chcemy do\u0142\u0105czy\u0107 na webinar, czy\u017c nie?<\/p>\n\n\n\n<p>No i pewien uzdolniony, cho\u0107 nadmiernie skromny, mi\u0142o\u015bnik szczur\u00f3w stworzy\u0142 ca\u0142\u0105 t\u0119 stron\u0119. O tym te\u017c absolutnie nie mo\u017cna zapomina\u0107.<\/p>\n\n\n\n<p><\/p>\n\n\n\n<p>Podsumowuj\u0105c, gryzonie rz\u0105dz\u0105. \ud83d\udc2d<\/p>\n\n\n\n<p><\/p>\n\n\n\n<p><\/p>\n","protected":false},"excerpt":{"rendered":"<p>Kim jestem? Doradczyni zawodowa z 11-letnim do\u015bwiadczeniem, nauczycielka j\u0119zyka polskiego jako obcego, \u201ezwyk\u0142ego\u201d j\u0119zyka polskiego, historii, wiedzy o spo\u0142ecze\u0144stwie i [&hellip;]<\/p>\n","protected":false},"author":2,"featured_media":0,"parent":0,"menu_order":0,"comment_status":"closed","ping_status":"closed","template":"","meta":{"site-sidebar-layout":"default","site-content-layout":"","ast-site-content-layout":"default","site-content-style":"default","site-sidebar-style":"default","ast-global-header-display":"","ast-banner-title-visibility":"","ast-main-header-display":"","ast-hfb-above-header-display":"","ast-hfb-below-header-display":"","ast-hfb-mobile-header-display":"","site-post-title":"","ast-breadcrumbs-content":"","ast-featured-img":"","footer-sml-layout":"","theme-transparent-header-meta":"","adv-header-id-meta":"","stick-header-meta":"","header-above-stick-meta":"","header-main-stick-meta":"","header-below-stick-meta":"","astra-migrate-meta-layouts":"default","ast-page-background-enabled":"default","ast-page-background-meta":{"desktop":{"background-color":"var(--ast-global-color-5)","background-image":"","background-repeat":"repeat","background-position":"center center","background-size":"auto","background-attachment":"scroll","background-type":"","background-media":"","overlay-type":"","overlay-color":"","overlay-opacity":"","overlay-gradient":""},"tablet":{"background-color":"","background-image":"","background-repeat":"repeat","background-position":"center center","background-size":"auto","background-attachment":"scroll","background-type":"","background-media":"","overlay-type":"","overlay-color":"","overlay-opacity":"","overlay-gradient":""},"mobile":{"background-color":"","background-image":"","background-repeat":"repeat","background-position":"center center","background-size":"auto","background-attachment":"scroll","background-type":"","background-media":"","overlay-type":"","overlay-color":"","overlay-opacity":"","overlay-gradient":""}},"ast-content-background-meta":{"desktop":{"background-color":"var(--ast-global-color-4)","background-image":"","background-repeat":"repeat","background-position":"center center","background-size":"auto","background-attachment":"scroll","background-type":"","background-media":"","overlay-type":"","overlay-color":"","overlay-opacity":"","overlay-gradient":""},"tablet":{"background-color":"var(--ast-global-color-4)","background-image":"","background-repeat":"repeat","background-position":"center center","background-size":"auto","background-attachment":"scroll","background-type":"","background-media":"","overlay-type":"","overlay-color":"","overlay-opacity":"","overlay-gradient":""},"mobile":{"background-color":"var(--ast-global-color-4)","background-image":"","background-repeat":"repeat","background-position":"center center","background-size":"auto","background-attachment":"scroll","background-type":"","background-media":"","overlay-type":"","overlay-color":"","overlay-opacity":"","overlay-gradient":""}},"footnotes":""},"class_list":["post-201","page","type-page","status-publish","hentry"],"jetpack_sharing_enabled":true,"_links":{"self":[{"href":"https:\/\/e-edukujemy.pl\/index.php?rest_route=\/wp\/v2\/pages\/201","targetHints":{"allow":["GET"]}}],"collection":[{"href":"https:\/\/e-edukujemy.pl\/index.php?rest_route=\/wp\/v2\/pages"}],"about":[{"href":"https:\/\/e-edukujemy.pl\/index.php?rest_route=\/wp\/v2\/types\/page"}],"author":[{"embeddable":true,"href":"https:\/\/e-edukujemy.pl\/index.php?rest_route=\/wp\/v2\/users\/2"}],"replies":[{"embeddable":true,"href":"https:\/\/e-edukujemy.pl\/index.php?rest_route=%2Fwp%2Fv2%2Fcomments&post=201"}],"version-history":[{"count":6,"href":"https:\/\/e-edukujemy.pl\/index.php?rest_route=\/wp\/v2\/pages\/201\/revisions"}],"predecessor-version":[{"id":729,"href":"https:\/\/e-edukujemy.pl\/index.php?rest_route=\/wp\/v2\/pages\/201\/revisions\/729"}],"wp:attachment":[{"href":"https:\/\/e-edukujemy.pl\/index.php?rest_route=%2Fwp%2Fv2%2Fmedia&parent=201"}],"curies":[{"name":"wp","href":"https:\/\/api.w.org\/{rel}","templated":true}]}}